{"id":2048,"date":"2020-10-22T18:57:38","date_gmt":"2020-10-22T22:57:38","guid":{"rendered":"https:\/\/thevegehome.com\/product\/bok-choy\/"},"modified":"2022-07-03T14:51:05","modified_gmt":"2022-07-03T18:51:05","slug":"bok-choy","status":"publish","type":"product","link":"https:\/\/us.thevegehome.com\/fr\/product\/bok-choi\/","title":{"rendered":"Bok-cho\u00ef"},"content":{"rendered":"<p>&nbsp;<\/p>\n<p>&nbsp;<\/p>\n<p>&nbsp;<\/p>\n","protected":false},"excerpt":{"rendered":"<p>Croustillant et juteux avec une saveur douce et l\u00e9g\u00e8rement poivr\u00e9e<\/p>\n","protected":false},"featured_media":1665,"comment_status":"closed","ping_status":"closed","template":"","meta":{"_acf_changed":false},"product_brand":[],"product_cat":[34],"product_tag":[],"class_list":{"0":"post-2048","1":"product","2":"type-product","3":"status-publish","4":"has-post-thumbnail","6":"product_cat-pods-fr","8":"first","9":"instock","10":"taxable","11":"shipping-taxable","12":"product-type-simple"},"bundled_by":["2093"],"bundle_stock_status":"instock","bundle_stock_quantity":90,"bundle_virtual":false,"bundle_layout":"","bundle_add_to_cart_form_location":"","bundle_editable_in_cart":false,"bundle_sold_individually_context":"","bundle_item_grouping":"","bundle_min_size":"","bundle_max_size":"","bundle_price":[],"bundled_items":[],"bundle_sell_ids":[],"acf":[],"yoast_head":"<!-- This site is optimized with the Yoast SEO plugin v27.3 - https:\/\/yoast.com\/product\/yoast-seo-wordpress\/ -->\n<title>Bok Choy \u2013 Vegehome Seed Pods for Planting<\/title>\n<meta name=\"robots\" content=\"index, follow, max-snippet:-1, max-image-preview:large, max-video-preview:-1\" \/>\n<link rel=\"canonical\" href=\"https:\/\/us.thevegehome.com\/fr\/product\/bok-choi\/\" \/>\n<meta property=\"og:locale\" content=\"fr_FR\" \/>\n<meta property=\"og:type\" content=\"article\" \/>\n<meta property=\"og:title\" content=\"Bok Choy \u2013 Vegehome Seed Pods for Planting\" \/>\n<meta property=\"og:description\" content=\"Croustillant et juteux avec une saveur douce et l\u00e9g\u00e8rement poivr\u00e9e\" \/>\n<meta property=\"og:url\" content=\"https:\/\/us.thevegehome.com\/fr\/product\/bok-choi\/\" \/>\n<meta property=\"og:site_name\" content=\"Vegehome USA\" \/>\n<meta property=\"article:publisher\" content=\"https:\/\/www.facebook.com\/thevegehome\" \/>\n<meta property=\"article:modified_time\" content=\"2022-07-03T18:51:05+00:00\" \/>\n<meta property=\"og:image\" content=\"https:\/\/us.thevegehome.com\/wp-content\/uploads\/2020\/10\/Pak-Choy-Category@2x.png\" \/>\n\t<meta property=\"og:image:width\" content=\"618\" \/>\n\t<meta property=\"og:image:height\" content=\"380\" \/>\n\t<meta property=\"og:image:type\" content=\"image\/png\" \/>\n<script type=\"application\/ld+json\" class=\"yoast-schema-graph\">{\"@context\":\"https:\\\/\\\/schema.org\",\"@graph\":[{\"@type\":\"WebPage\",\"@id\":\"https:\\\/\\\/us.thevegehome.com\\\/fr\\\/product\\\/bok-choi\\\/\",\"url\":\"https:\\\/\\\/us.thevegehome.com\\\/fr\\\/product\\\/bok-choi\\\/\",\"name\":\"Bok Choy \u2013 Vegehome Seed Pods for Planting\",\"isPartOf\":{\"@id\":\"https:\\\/\\\/us.thevegehome.com\\\/fr\\\/#website\"},\"primaryImageOfPage\":{\"@id\":\"https:\\\/\\\/us.thevegehome.com\\\/fr\\\/product\\\/bok-choi\\\/#primaryimage\"},\"image\":{\"@id\":\"https:\\\/\\\/us.thevegehome.com\\\/fr\\\/product\\\/bok-choi\\\/#primaryimage\"},\"thumbnailUrl\":\"https:\\\/\\\/us.thevegehome.com\\\/wp-content\\\/uploads\\\/2020\\\/10\\\/Pak-Choy-Category@2x.png\",\"datePublished\":\"2020-10-22T22:57:38+00:00\",\"dateModified\":\"2022-07-03T18:51:05+00:00\",\"breadcrumb\":{\"@id\":\"https:\\\/\\\/us.thevegehome.com\\\/fr\\\/product\\\/bok-choi\\\/#breadcrumb\"},\"inLanguage\":\"fr-FR\",\"potentialAction\":[{\"@type\":\"ReadAction\",\"target\":[\"https:\\\/\\\/us.thevegehome.com\\\/fr\\\/product\\\/bok-choi\\\/\"]}]},{\"@type\":\"ImageObject\",\"inLanguage\":\"fr-FR\",\"@id\":\"https:\\\/\\\/us.thevegehome.com\\\/fr\\\/product\\\/bok-choi\\\/#primaryimage\",\"url\":\"https:\\\/\\\/us.thevegehome.com\\\/wp-content\\\/uploads\\\/2020\\\/10\\\/Pak-Choy-Category@2x.png\",\"contentUrl\":\"https:\\\/\\\/us.thevegehome.com\\\/wp-content\\\/uploads\\\/2020\\\/10\\\/Pak-Choy-Category@2x.png\",\"width\":618,\"height\":380},{\"@type\":\"BreadcrumbList\",\"@id\":\"https:\\\/\\\/us.thevegehome.com\\\/fr\\\/product\\\/bok-choi\\\/#breadcrumb\",\"itemListElement\":[{\"@type\":\"ListItem\",\"position\":1,\"name\":\"Home\",\"item\":\"https:\\\/\\\/us.thevegehome.com\\\/fr\\\/\"},{\"@type\":\"ListItem\",\"position\":2,\"name\":\"Boutique\",\"item\":\"https:\\\/\\\/us.thevegehome.com\\\/fr\\\/boutique\\\/\"},{\"@type\":\"ListItem\",\"position\":3,\"name\":\"Bok-cho\u00ef\"}]},{\"@type\":\"WebSite\",\"@id\":\"https:\\\/\\\/us.thevegehome.com\\\/fr\\\/#website\",\"url\":\"https:\\\/\\\/us.thevegehome.com\\\/fr\\\/\",\"name\":\"Vegehome USA\",\"description\":\"Vegehome USA\",\"publisher\":{\"@id\":\"https:\\\/\\\/us.thevegehome.com\\\/fr\\\/#organization\"},\"potentialAction\":[{\"@type\":\"SearchAction\",\"target\":{\"@type\":\"EntryPoint\",\"urlTemplate\":\"https:\\\/\\\/us.thevegehome.com\\\/fr\\\/?s={search_term_string}\"},\"query-input\":{\"@type\":\"PropertyValueSpecification\",\"valueRequired\":true,\"valueName\":\"search_term_string\"}}],\"inLanguage\":\"fr-FR\"},{\"@type\":\"Organization\",\"@id\":\"https:\\\/\\\/us.thevegehome.com\\\/fr\\\/#organization\",\"name\":\"Vegehome USA\",\"url\":\"https:\\\/\\\/us.thevegehome.com\\\/fr\\\/\",\"logo\":{\"@type\":\"ImageObject\",\"inLanguage\":\"fr-FR\",\"@id\":\"https:\\\/\\\/us.thevegehome.com\\\/fr\\\/#\\\/schema\\\/logo\\\/image\\\/\",\"url\":\"https:\\\/\\\/us.thevegehome.com\\\/wp-content\\\/uploads\\\/2020\\\/10\\\/Vegehome_Newlogo_2x.png\",\"contentUrl\":\"https:\\\/\\\/us.thevegehome.com\\\/wp-content\\\/uploads\\\/2020\\\/10\\\/Vegehome_Newlogo_2x.png\",\"width\":326,\"height\":60,\"caption\":\"Vegehome USA\"},\"image\":{\"@id\":\"https:\\\/\\\/us.thevegehome.com\\\/fr\\\/#\\\/schema\\\/logo\\\/image\\\/\"},\"sameAs\":[\"https:\\\/\\\/www.facebook.com\\\/thevegehome\",\"https:\\\/\\\/www.instagram.com\\\/thevegehome\\\/\",\"https:\\\/\\\/www.pinterest.ca\\\/thevegehome\\\/\"]}]}<\/script>\n<!-- \/ Yoast SEO plugin. -->","yoast_head_json":{"title":"Bok Choy \u2013 Vegehome Seed Pods for Planting","robots":{"index":"index","follow":"follow","max-snippet":"max-snippet:-1","max-image-preview":"max-image-preview:large","max-video-preview":"max-video-preview:-1"},"canonical":"https:\/\/us.thevegehome.com\/fr\/product\/bok-choi\/","og_locale":"fr_FR","og_type":"article","og_title":"Bok Choy \u2013 Vegehome Seed Pods for Planting","og_description":"Croustillant et juteux avec une saveur douce et l\u00e9g\u00e8rement poivr\u00e9e","og_url":"https:\/\/us.thevegehome.com\/fr\/product\/bok-choi\/","og_site_name":"Vegehome USA","article_publisher":"https:\/\/www.facebook.com\/thevegehome","article_modified_time":"2022-07-03T18:51:05+00:00","og_image":[{"width":618,"height":380,"url":"https:\/\/us.thevegehome.com\/wp-content\/uploads\/2020\/10\/Pak-Choy-Category@2x.png","type":"image\/png"}],"schema":{"@context":"https:\/\/schema.org","@graph":[{"@type":"WebPage","@id":"https:\/\/us.thevegehome.com\/fr\/product\/bok-choi\/","url":"https:\/\/us.thevegehome.com\/fr\/product\/bok-choi\/","name":"Bok Choy \u2013 Vegehome Seed Pods for Planting","isPartOf":{"@id":"https:\/\/us.thevegehome.com\/fr\/#website"},"primaryImageOfPage":{"@id":"https:\/\/us.thevegehome.com\/fr\/product\/bok-choi\/#primaryimage"},"image":{"@id":"https:\/\/us.thevegehome.com\/fr\/product\/bok-choi\/#primaryimage"},"thumbnailUrl":"https:\/\/us.thevegehome.com\/wp-content\/uploads\/2020\/10\/Pak-Choy-Category@2x.png","datePublished":"2020-10-22T22:57:38+00:00","dateModified":"2022-07-03T18:51:05+00:00","breadcrumb":{"@id":"https:\/\/us.thevegehome.com\/fr\/product\/bok-choi\/#breadcrumb"},"inLanguage":"fr-FR","potentialAction":[{"@type":"ReadAction","target":["https:\/\/us.thevegehome.com\/fr\/product\/bok-choi\/"]}]},{"@type":"ImageObject","inLanguage":"fr-FR","@id":"https:\/\/us.thevegehome.com\/fr\/product\/bok-choi\/#primaryimage","url":"https:\/\/us.thevegehome.com\/wp-content\/uploads\/2020\/10\/Pak-Choy-Category@2x.png","contentUrl":"https:\/\/us.thevegehome.com\/wp-content\/uploads\/2020\/10\/Pak-Choy-Category@2x.png","width":618,"height":380},{"@type":"BreadcrumbList","@id":"https:\/\/us.thevegehome.com\/fr\/product\/bok-choi\/#breadcrumb","itemListElement":[{"@type":"ListItem","position":1,"name":"Home","item":"https:\/\/us.thevegehome.com\/fr\/"},{"@type":"ListItem","position":2,"name":"Boutique","item":"https:\/\/us.thevegehome.com\/fr\/boutique\/"},{"@type":"ListItem","position":3,"name":"Bok-cho\u00ef"}]},{"@type":"WebSite","@id":"https:\/\/us.thevegehome.com\/fr\/#website","url":"https:\/\/us.thevegehome.com\/fr\/","name":"Vegehome USA","description":"Vegehome USA","publisher":{"@id":"https:\/\/us.thevegehome.com\/fr\/#organization"},"potentialAction":[{"@type":"SearchAction","target":{"@type":"EntryPoint","urlTemplate":"https:\/\/us.thevegehome.com\/fr\/?s={search_term_string}"},"query-input":{"@type":"PropertyValueSpecification","valueRequired":true,"valueName":"search_term_string"}}],"inLanguage":"fr-FR"},{"@type":"Organization","@id":"https:\/\/us.thevegehome.com\/fr\/#organization","name":"Vegehome USA","url":"https:\/\/us.thevegehome.com\/fr\/","logo":{"@type":"ImageObject","inLanguage":"fr-FR","@id":"https:\/\/us.thevegehome.com\/fr\/#\/schema\/logo\/image\/","url":"https:\/\/us.thevegehome.com\/wp-content\/uploads\/2020\/10\/Vegehome_Newlogo_2x.png","contentUrl":"https:\/\/us.thevegehome.com\/wp-content\/uploads\/2020\/10\/Vegehome_Newlogo_2x.png","width":326,"height":60,"caption":"Vegehome USA"},"image":{"@id":"https:\/\/us.thevegehome.com\/fr\/#\/schema\/logo\/image\/"},"sameAs":["https:\/\/www.facebook.com\/thevegehome","https:\/\/www.instagram.com\/thevegehome\/","https:\/\/www.pinterest.ca\/thevegehome\/"]}]}},"_links":{"self":[{"href":"https:\/\/us.thevegehome.com\/fr\/wp-json\/wp\/v2\/product\/2048","targetHints":{"allow":["GET"]}}],"collection":[{"href":"https:\/\/us.thevegehome.com\/fr\/wp-json\/wp\/v2\/product"}],"about":[{"href":"https:\/\/us.thevegehome.com\/fr\/wp-json\/wp\/v2\/types\/product"}],"replies":[{"embeddable":true,"href":"https:\/\/us.thevegehome.com\/fr\/wp-json\/wp\/v2\/comments?post=2048"}],"wp:featuredmedia":[{"embeddable":true,"href":"https:\/\/us.thevegehome.com\/fr\/wp-json\/wp\/v2\/media\/1665"}],"wp:attachment":[{"href":"https:\/\/us.thevegehome.com\/fr\/wp-json\/wp\/v2\/media?parent=2048"}],"wp:term":[{"taxonomy":"product_brand","embeddable":true,"href":"https:\/\/us.thevegehome.com\/fr\/wp-json\/wp\/v2\/product_brand?post=2048"},{"taxonomy":"product_cat","embeddable":true,"href":"https:\/\/us.thevegehome.com\/fr\/wp-json\/wp\/v2\/product_cat?post=2048"},{"taxonomy":"product_tag","embeddable":true,"href":"https:\/\/us.thevegehome.com\/fr\/wp-json\/wp\/v2\/product_tag?post=2048"}],"curies":[{"name":"wp","href":"https:\/\/api.w.org\/{rel}","templated":true}]}}