{"id":1860,"date":"2020-08-20T15:53:59","date_gmt":"2020-08-20T19:53:59","guid":{"rendered":"https:\/\/thevegehome.com\/product\/nutrients-pack\/"},"modified":"2022-07-08T11:25:51","modified_gmt":"2022-07-08T15:25:51","slug":"nutrients-pack","status":"publish","type":"product","link":"https:\/\/us.thevegehome.com\/fr\/produit\/solution-de-nutriments\/","title":{"rendered":"La solution de nutriments"},"content":{"rendered":"","protected":false},"excerpt":{"rendered":"<p>La solution de nutriments incluse avec votre Vegehome a \u00e9t\u00e9 sp\u00e9cifiquement con\u00e7ue, am\u00e9lior\u00e9e et test\u00e9e par notre \u00e9quipe d\u2019agronomes. Cette solution purement naturelle a \u00e9t\u00e9 d\u00e9velopp\u00e9e pour acc\u00e9l\u00e9rer et optimiser la croissance de plantes dans l\u2019\u00e9cosyst\u00e8me Vegehome. Vous n\u2019avez qu\u2019\u00e0 ajouter la solution liquide aux deux semaines et vous b\u00e9n\u00e9ficierez de fruits et de l\u00e9gumes cultiv\u00e9s \u00e0 la maison et de mani\u00e8re durable \u00e0 longueur d\u2019ann\u00e9e. Ajoutez un capuchon plein pour l&rsquo;Oasis et un demi-capuchon pour le Jardin.<\/p>\n","protected":false},"featured_media":1519,"comment_status":"closed","ping_status":"closed","template":"","meta":{"_acf_changed":false},"product_brand":[],"product_cat":[],"product_tag":[],"class_list":{"0":"post-1860","1":"product","2":"type-product","3":"status-publish","4":"has-post-thumbnail","7":"first","8":"outofstock","9":"taxable","10":"shipping-taxable","11":"product-type-variable"},"bundled_by":[],"bundle_stock_status":"outofstock","bundle_stock_quantity":null,"bundle_virtual":false,"bundle_layout":"","bundle_add_to_cart_form_location":"","bundle_editable_in_cart":false,"bundle_sold_individually_context":"","bundle_item_grouping":"","bundle_min_size":"","bundle_max_size":"","bundle_price":[],"bundled_items":[],"bundle_sell_ids":[],"acf":[],"yoast_head":"<!-- This site is optimized with the Yoast SEO plugin v27.4 - https:\/\/yoast.com\/product\/yoast-seo-wordpress\/ -->\n<title>La solution de nutriments - Vegehome<\/title>\n<meta name=\"description\" content=\"La solution nutritive incluse avec votre Vegehome a \u00e9t\u00e9 sp\u00e9cialement con\u00e7ue, raffin\u00e9e et test\u00e9e par notre \u00e9quipe d&#039;agronomes en interne!\" \/>\n<meta name=\"robots\" content=\"index, follow, max-snippet:-1, max-image-preview:large, max-video-preview:-1\" \/>\n<link rel=\"canonical\" href=\"https:\/\/us.thevegehome.com\/fr\/produit\/solution-de-nutriments\/\" \/>\n<meta property=\"og:locale\" content=\"fr_FR\" \/>\n<meta property=\"og:type\" content=\"article\" \/>\n<meta property=\"og:title\" content=\"La solution de nutriments - Vegehome\" \/>\n<meta property=\"og:description\" content=\"La solution nutritive incluse avec votre Vegehome a \u00e9t\u00e9 sp\u00e9cialement con\u00e7ue, raffin\u00e9e et test\u00e9e par notre \u00e9quipe d&#039;agronomes en interne!\" \/>\n<meta property=\"og:url\" content=\"https:\/\/us.thevegehome.com\/fr\/produit\/solution-de-nutriments\/\" \/>\n<meta property=\"og:site_name\" content=\"Vegehome USA\" \/>\n<meta property=\"article:publisher\" content=\"https:\/\/www.facebook.com\/thevegehome\" \/>\n<meta property=\"article:modified_time\" content=\"2022-07-08T15:25:51+00:00\" \/>\n<meta property=\"og:image\" content=\"https:\/\/us.thevegehome.com\/wp-content\/uploads\/2020\/08\/NUTRIENT-DETAILx2.png\" \/>\n\t<meta property=\"og:image:width\" content=\"1350\" \/>\n\t<meta property=\"og:image:height\" content=\"706\" \/>\n\t<meta property=\"og:image:type\" content=\"image\/png\" \/>\n<script type=\"application\/ld+json\" class=\"yoast-schema-graph\">{\"@context\":\"https:\\\/\\\/schema.org\",\"@graph\":[{\"@type\":\"WebPage\",\"@id\":\"https:\\\/\\\/us.thevegehome.com\\\/fr\\\/produit\\\/solution-de-nutriments\\\/\",\"url\":\"https:\\\/\\\/us.thevegehome.com\\\/fr\\\/produit\\\/solution-de-nutriments\\\/\",\"name\":\"La solution de nutriments - Vegehome\",\"isPartOf\":{\"@id\":\"https:\\\/\\\/us.thevegehome.com\\\/fr\\\/#website\"},\"primaryImageOfPage\":{\"@id\":\"https:\\\/\\\/us.thevegehome.com\\\/fr\\\/produit\\\/solution-de-nutriments\\\/#primaryimage\"},\"image\":{\"@id\":\"https:\\\/\\\/us.thevegehome.com\\\/fr\\\/produit\\\/solution-de-nutriments\\\/#primaryimage\"},\"thumbnailUrl\":\"https:\\\/\\\/us.thevegehome.com\\\/wp-content\\\/uploads\\\/2020\\\/08\\\/NUTRIENT-DETAILx2.png\",\"datePublished\":\"2020-08-20T19:53:59+00:00\",\"dateModified\":\"2022-07-08T15:25:51+00:00\",\"description\":\"La solution nutritive incluse avec votre Vegehome a \u00e9t\u00e9 sp\u00e9cialement con\u00e7ue, raffin\u00e9e et test\u00e9e par notre \u00e9quipe d'agronomes en interne!\",\"breadcrumb\":{\"@id\":\"https:\\\/\\\/us.thevegehome.com\\\/fr\\\/produit\\\/solution-de-nutriments\\\/#breadcrumb\"},\"inLanguage\":\"fr-FR\",\"potentialAction\":[{\"@type\":\"ReadAction\",\"target\":[\"https:\\\/\\\/us.thevegehome.com\\\/fr\\\/produit\\\/solution-de-nutriments\\\/\"]}]},{\"@type\":\"ImageObject\",\"inLanguage\":\"fr-FR\",\"@id\":\"https:\\\/\\\/us.thevegehome.com\\\/fr\\\/produit\\\/solution-de-nutriments\\\/#primaryimage\",\"url\":\"https:\\\/\\\/us.thevegehome.com\\\/wp-content\\\/uploads\\\/2020\\\/08\\\/NUTRIENT-DETAILx2.png\",\"contentUrl\":\"https:\\\/\\\/us.thevegehome.com\\\/wp-content\\\/uploads\\\/2020\\\/08\\\/NUTRIENT-DETAILx2.png\",\"width\":1350,\"height\":706},{\"@type\":\"BreadcrumbList\",\"@id\":\"https:\\\/\\\/us.thevegehome.com\\\/fr\\\/produit\\\/solution-de-nutriments\\\/#breadcrumb\",\"itemListElement\":[{\"@type\":\"ListItem\",\"position\":1,\"name\":\"Home\",\"item\":\"https:\\\/\\\/us.thevegehome.com\\\/fr\\\/\"},{\"@type\":\"ListItem\",\"position\":2,\"name\":\"Boutique\",\"item\":\"https:\\\/\\\/us.thevegehome.com\\\/fr\\\/boutique\\\/\"},{\"@type\":\"ListItem\",\"position\":3,\"name\":\"La solution de nutriments\"}]},{\"@type\":\"WebSite\",\"@id\":\"https:\\\/\\\/us.thevegehome.com\\\/fr\\\/#website\",\"url\":\"https:\\\/\\\/us.thevegehome.com\\\/fr\\\/\",\"name\":\"Vegehome USA\",\"description\":\"Vegehome USA\",\"publisher\":{\"@id\":\"https:\\\/\\\/us.thevegehome.com\\\/fr\\\/#organization\"},\"potentialAction\":[{\"@type\":\"SearchAction\",\"target\":{\"@type\":\"EntryPoint\",\"urlTemplate\":\"https:\\\/\\\/us.thevegehome.com\\\/fr\\\/?s={search_term_string}\"},\"query-input\":{\"@type\":\"PropertyValueSpecification\",\"valueRequired\":true,\"valueName\":\"search_term_string\"}}],\"inLanguage\":\"fr-FR\"},{\"@type\":\"Organization\",\"@id\":\"https:\\\/\\\/us.thevegehome.com\\\/fr\\\/#organization\",\"name\":\"Vegehome USA\",\"url\":\"https:\\\/\\\/us.thevegehome.com\\\/fr\\\/\",\"logo\":{\"@type\":\"ImageObject\",\"inLanguage\":\"fr-FR\",\"@id\":\"https:\\\/\\\/us.thevegehome.com\\\/fr\\\/#\\\/schema\\\/logo\\\/image\\\/\",\"url\":\"https:\\\/\\\/us.thevegehome.com\\\/wp-content\\\/uploads\\\/2020\\\/10\\\/Vegehome_Newlogo_2x.png\",\"contentUrl\":\"https:\\\/\\\/us.thevegehome.com\\\/wp-content\\\/uploads\\\/2020\\\/10\\\/Vegehome_Newlogo_2x.png\",\"width\":326,\"height\":60,\"caption\":\"Vegehome USA\"},\"image\":{\"@id\":\"https:\\\/\\\/us.thevegehome.com\\\/fr\\\/#\\\/schema\\\/logo\\\/image\\\/\"},\"sameAs\":[\"https:\\\/\\\/www.facebook.com\\\/thevegehome\",\"https:\\\/\\\/www.instagram.com\\\/thevegehome\\\/\",\"https:\\\/\\\/www.pinterest.ca\\\/thevegehome\\\/\"]}]}<\/script>\n<!-- \/ Yoast SEO plugin. -->","yoast_head_json":{"title":"La solution de nutriments - Vegehome","description":"La solution nutritive incluse avec votre Vegehome a \u00e9t\u00e9 sp\u00e9cialement con\u00e7ue, raffin\u00e9e et test\u00e9e par notre \u00e9quipe d'agronomes en interne!","robots":{"index":"index","follow":"follow","max-snippet":"max-snippet:-1","max-image-preview":"max-image-preview:large","max-video-preview":"max-video-preview:-1"},"canonical":"https:\/\/us.thevegehome.com\/fr\/produit\/solution-de-nutriments\/","og_locale":"fr_FR","og_type":"article","og_title":"La solution de nutriments - Vegehome","og_description":"La solution nutritive incluse avec votre Vegehome a \u00e9t\u00e9 sp\u00e9cialement con\u00e7ue, raffin\u00e9e et test\u00e9e par notre \u00e9quipe d'agronomes en interne!","og_url":"https:\/\/us.thevegehome.com\/fr\/produit\/solution-de-nutriments\/","og_site_name":"Vegehome USA","article_publisher":"https:\/\/www.facebook.com\/thevegehome","article_modified_time":"2022-07-08T15:25:51+00:00","og_image":[{"width":1350,"height":706,"url":"https:\/\/us.thevegehome.com\/wp-content\/uploads\/2020\/08\/NUTRIENT-DETAILx2.png","type":"image\/png"}],"schema":{"@context":"https:\/\/schema.org","@graph":[{"@type":"WebPage","@id":"https:\/\/us.thevegehome.com\/fr\/produit\/solution-de-nutriments\/","url":"https:\/\/us.thevegehome.com\/fr\/produit\/solution-de-nutriments\/","name":"La solution de nutriments - Vegehome","isPartOf":{"@id":"https:\/\/us.thevegehome.com\/fr\/#website"},"primaryImageOfPage":{"@id":"https:\/\/us.thevegehome.com\/fr\/produit\/solution-de-nutriments\/#primaryimage"},"image":{"@id":"https:\/\/us.thevegehome.com\/fr\/produit\/solution-de-nutriments\/#primaryimage"},"thumbnailUrl":"https:\/\/us.thevegehome.com\/wp-content\/uploads\/2020\/08\/NUTRIENT-DETAILx2.png","datePublished":"2020-08-20T19:53:59+00:00","dateModified":"2022-07-08T15:25:51+00:00","description":"La solution nutritive incluse avec votre Vegehome a \u00e9t\u00e9 sp\u00e9cialement con\u00e7ue, raffin\u00e9e et test\u00e9e par notre \u00e9quipe d'agronomes en interne!","breadcrumb":{"@id":"https:\/\/us.thevegehome.com\/fr\/produit\/solution-de-nutriments\/#breadcrumb"},"inLanguage":"fr-FR","potentialAction":[{"@type":"ReadAction","target":["https:\/\/us.thevegehome.com\/fr\/produit\/solution-de-nutriments\/"]}]},{"@type":"ImageObject","inLanguage":"fr-FR","@id":"https:\/\/us.thevegehome.com\/fr\/produit\/solution-de-nutriments\/#primaryimage","url":"https:\/\/us.thevegehome.com\/wp-content\/uploads\/2020\/08\/NUTRIENT-DETAILx2.png","contentUrl":"https:\/\/us.thevegehome.com\/wp-content\/uploads\/2020\/08\/NUTRIENT-DETAILx2.png","width":1350,"height":706},{"@type":"BreadcrumbList","@id":"https:\/\/us.thevegehome.com\/fr\/produit\/solution-de-nutriments\/#breadcrumb","itemListElement":[{"@type":"ListItem","position":1,"name":"Home","item":"https:\/\/us.thevegehome.com\/fr\/"},{"@type":"ListItem","position":2,"name":"Boutique","item":"https:\/\/us.thevegehome.com\/fr\/boutique\/"},{"@type":"ListItem","position":3,"name":"La solution de nutriments"}]},{"@type":"WebSite","@id":"https:\/\/us.thevegehome.com\/fr\/#website","url":"https:\/\/us.thevegehome.com\/fr\/","name":"Vegehome USA","description":"Vegehome USA","publisher":{"@id":"https:\/\/us.thevegehome.com\/fr\/#organization"},"potentialAction":[{"@type":"SearchAction","target":{"@type":"EntryPoint","urlTemplate":"https:\/\/us.thevegehome.com\/fr\/?s={search_term_string}"},"query-input":{"@type":"PropertyValueSpecification","valueRequired":true,"valueName":"search_term_string"}}],"inLanguage":"fr-FR"},{"@type":"Organization","@id":"https:\/\/us.thevegehome.com\/fr\/#organization","name":"Vegehome USA","url":"https:\/\/us.thevegehome.com\/fr\/","logo":{"@type":"ImageObject","inLanguage":"fr-FR","@id":"https:\/\/us.thevegehome.com\/fr\/#\/schema\/logo\/image\/","url":"https:\/\/us.thevegehome.com\/wp-content\/uploads\/2020\/10\/Vegehome_Newlogo_2x.png","contentUrl":"https:\/\/us.thevegehome.com\/wp-content\/uploads\/2020\/10\/Vegehome_Newlogo_2x.png","width":326,"height":60,"caption":"Vegehome USA"},"image":{"@id":"https:\/\/us.thevegehome.com\/fr\/#\/schema\/logo\/image\/"},"sameAs":["https:\/\/www.facebook.com\/thevegehome","https:\/\/www.instagram.com\/thevegehome\/","https:\/\/www.pinterest.ca\/thevegehome\/"]}]}},"_links":{"self":[{"href":"https:\/\/us.thevegehome.com\/fr\/wp-json\/wp\/v2\/product\/1860","targetHints":{"allow":["GET"]}}],"collection":[{"href":"https:\/\/us.thevegehome.com\/fr\/wp-json\/wp\/v2\/product"}],"about":[{"href":"https:\/\/us.thevegehome.com\/fr\/wp-json\/wp\/v2\/types\/product"}],"replies":[{"embeddable":true,"href":"https:\/\/us.thevegehome.com\/fr\/wp-json\/wp\/v2\/comments?post=1860"}],"wp:featuredmedia":[{"embeddable":true,"href":"https:\/\/us.thevegehome.com\/fr\/wp-json\/wp\/v2\/media\/1519"}],"wp:attachment":[{"href":"https:\/\/us.thevegehome.com\/fr\/wp-json\/wp\/v2\/media?parent=1860"}],"wp:term":[{"taxonomy":"product_brand","embeddable":true,"href":"https:\/\/us.thevegehome.com\/fr\/wp-json\/wp\/v2\/product_brand?post=1860"},{"taxonomy":"product_cat","embeddable":true,"href":"https:\/\/us.thevegehome.com\/fr\/wp-json\/wp\/v2\/product_cat?post=1860"},{"taxonomy":"product_tag","embeddable":true,"href":"https:\/\/us.thevegehome.com\/fr\/wp-json\/wp\/v2\/product_tag?post=1860"}],"curies":[{"name":"wp","href":"https:\/\/api.w.org\/{rel}","templated":true}]}}