{"id":1976,"date":"2020-10-22T14:22:18","date_gmt":"2020-10-22T18:22:18","guid":{"rendered":"https:\/\/thevegehome.com\/red-russian-kale\/"},"modified":"2020-11-17T21:42:06","modified_gmt":"2020-11-17T21:42:06","slug":"red-russian-kale","status":"publish","type":"page","link":"https:\/\/us.thevegehome.com\/fr\/chou-frise-red-russian\/","title":{"rendered":"Chou fris\u00e9 Red Russian"},"content":{"rendered":"<p>&nbsp;<\/p>\n<p>&nbsp;<\/p>\n<p>&nbsp;<\/p>\n","protected":false},"excerpt":{"rendered":"<p>&nbsp; &nbsp; &nbsp;<\/p>\n","protected":false},"author":1,"featured_media":1530,"parent":0,"menu_order":0,"comment_status":"closed","ping_status":"closed","template":"template-pods-details.php","meta":{"_acf_changed":false,"footnotes":""},"class_list":["post-1976","page","type-page","status-publish","has-post-thumbnail","hentry"],"acf":[],"yoast_head":"<!-- This site is optimized with the Yoast SEO plugin v27.3 - https:\/\/yoast.com\/product\/yoast-seo-wordpress\/ -->\n<title>Chou fris\u00e9 Red Russian - Vegehome Capsuels<\/title>\n<meta name=\"description\" content=\"Connu pour ses feuilles vertes lisses et lob\u00e9es avec des veines et des tiges violettes, le chou rouge russe se d\u00e9guste cru ou cuit!\" \/>\n<meta name=\"robots\" content=\"index, follow, max-snippet:-1, max-image-preview:large, max-video-preview:-1\" \/>\n<link rel=\"canonical\" href=\"https:\/\/us.thevegehome.com\/fr\/chou-frise-red-russian\/\" \/>\n<meta property=\"og:locale\" content=\"fr_FR\" \/>\n<meta property=\"og:type\" content=\"article\" \/>\n<meta property=\"og:title\" content=\"Chou fris\u00e9 Red Russian - Vegehome Capsuels\" \/>\n<meta property=\"og:description\" content=\"Connu pour ses feuilles vertes lisses et lob\u00e9es avec des veines et des tiges violettes, le chou rouge russe se d\u00e9guste cru ou cuit!\" \/>\n<meta property=\"og:url\" content=\"https:\/\/us.thevegehome.com\/fr\/chou-frise-red-russian\/\" \/>\n<meta property=\"og:site_name\" content=\"Vegehome USA\" \/>\n<meta property=\"article:publisher\" content=\"https:\/\/www.facebook.com\/thevegehome\" \/>\n<meta property=\"article:modified_time\" content=\"2020-11-17T21:42:06+00:00\" \/>\n<meta property=\"og:image\" content=\"https:\/\/us.thevegehome.com\/wp-content\/uploads\/2020\/10\/Red-Russian-Kale-Detail.png\" \/>\n\t<meta property=\"og:image:width\" content=\"660\" \/>\n\t<meta property=\"og:image:height\" content=\"370\" \/>\n\t<meta property=\"og:image:type\" content=\"image\/png\" \/>\n<script type=\"application\/ld+json\" class=\"yoast-schema-graph\">{\"@context\":\"https:\\\/\\\/schema.org\",\"@graph\":[{\"@type\":\"WebPage\",\"@id\":\"https:\\\/\\\/us.thevegehome.com\\\/fr\\\/chou-frise-red-russian\\\/\",\"url\":\"https:\\\/\\\/us.thevegehome.com\\\/fr\\\/chou-frise-red-russian\\\/\",\"name\":\"Chou fris\u00e9 Red Russian - Vegehome Capsuels\",\"isPartOf\":{\"@id\":\"https:\\\/\\\/us.thevegehome.com\\\/fr\\\/#website\"},\"primaryImageOfPage\":{\"@id\":\"https:\\\/\\\/us.thevegehome.com\\\/fr\\\/chou-frise-red-russian\\\/#primaryimage\"},\"image\":{\"@id\":\"https:\\\/\\\/us.thevegehome.com\\\/fr\\\/chou-frise-red-russian\\\/#primaryimage\"},\"thumbnailUrl\":\"https:\\\/\\\/us.thevegehome.com\\\/wp-content\\\/uploads\\\/2020\\\/10\\\/Red-Russian-Kale-Detail.png\",\"datePublished\":\"2020-10-22T18:22:18+00:00\",\"dateModified\":\"2020-11-17T21:42:06+00:00\",\"description\":\"Connu pour ses feuilles vertes lisses et lob\u00e9es avec des veines et des tiges violettes, le chou rouge russe se d\u00e9guste cru ou cuit!\",\"breadcrumb\":{\"@id\":\"https:\\\/\\\/us.thevegehome.com\\\/fr\\\/chou-frise-red-russian\\\/#breadcrumb\"},\"inLanguage\":\"fr-FR\",\"potentialAction\":[{\"@type\":\"ReadAction\",\"target\":[\"https:\\\/\\\/us.thevegehome.com\\\/fr\\\/chou-frise-red-russian\\\/\"]}]},{\"@type\":\"ImageObject\",\"inLanguage\":\"fr-FR\",\"@id\":\"https:\\\/\\\/us.thevegehome.com\\\/fr\\\/chou-frise-red-russian\\\/#primaryimage\",\"url\":\"https:\\\/\\\/us.thevegehome.com\\\/wp-content\\\/uploads\\\/2020\\\/10\\\/Red-Russian-Kale-Detail.png\",\"contentUrl\":\"https:\\\/\\\/us.thevegehome.com\\\/wp-content\\\/uploads\\\/2020\\\/10\\\/Red-Russian-Kale-Detail.png\",\"width\":660,\"height\":370},{\"@type\":\"BreadcrumbList\",\"@id\":\"https:\\\/\\\/us.thevegehome.com\\\/fr\\\/chou-frise-red-russian\\\/#breadcrumb\",\"itemListElement\":[{\"@type\":\"ListItem\",\"position\":1,\"name\":\"Home\",\"item\":\"https:\\\/\\\/us.thevegehome.com\\\/fr\\\/\"},{\"@type\":\"ListItem\",\"position\":2,\"name\":\"Chou fris\u00e9 Red Russian\"}]},{\"@type\":\"WebSite\",\"@id\":\"https:\\\/\\\/us.thevegehome.com\\\/fr\\\/#website\",\"url\":\"https:\\\/\\\/us.thevegehome.com\\\/fr\\\/\",\"name\":\"Vegehome USA\",\"description\":\"Vegehome USA\",\"publisher\":{\"@id\":\"https:\\\/\\\/us.thevegehome.com\\\/fr\\\/#organization\"},\"potentialAction\":[{\"@type\":\"SearchAction\",\"target\":{\"@type\":\"EntryPoint\",\"urlTemplate\":\"https:\\\/\\\/us.thevegehome.com\\\/fr\\\/?s={search_term_string}\"},\"query-input\":{\"@type\":\"PropertyValueSpecification\",\"valueRequired\":true,\"valueName\":\"search_term_string\"}}],\"inLanguage\":\"fr-FR\"},{\"@type\":\"Organization\",\"@id\":\"https:\\\/\\\/us.thevegehome.com\\\/fr\\\/#organization\",\"name\":\"Vegehome USA\",\"url\":\"https:\\\/\\\/us.thevegehome.com\\\/fr\\\/\",\"logo\":{\"@type\":\"ImageObject\",\"inLanguage\":\"fr-FR\",\"@id\":\"https:\\\/\\\/us.thevegehome.com\\\/fr\\\/#\\\/schema\\\/logo\\\/image\\\/\",\"url\":\"https:\\\/\\\/us.thevegehome.com\\\/wp-content\\\/uploads\\\/2020\\\/10\\\/Vegehome_Newlogo_2x.png\",\"contentUrl\":\"https:\\\/\\\/us.thevegehome.com\\\/wp-content\\\/uploads\\\/2020\\\/10\\\/Vegehome_Newlogo_2x.png\",\"width\":326,\"height\":60,\"caption\":\"Vegehome USA\"},\"image\":{\"@id\":\"https:\\\/\\\/us.thevegehome.com\\\/fr\\\/#\\\/schema\\\/logo\\\/image\\\/\"},\"sameAs\":[\"https:\\\/\\\/www.facebook.com\\\/thevegehome\",\"https:\\\/\\\/www.instagram.com\\\/thevegehome\\\/\",\"https:\\\/\\\/www.pinterest.ca\\\/thevegehome\\\/\"]}]}<\/script>\n<!-- \/ Yoast SEO plugin. -->","yoast_head_json":{"title":"Chou fris\u00e9 Red Russian - Vegehome Capsuels","description":"Connu pour ses feuilles vertes lisses et lob\u00e9es avec des veines et des tiges violettes, le chou rouge russe se d\u00e9guste cru ou cuit!","robots":{"index":"index","follow":"follow","max-snippet":"max-snippet:-1","max-image-preview":"max-image-preview:large","max-video-preview":"max-video-preview:-1"},"canonical":"https:\/\/us.thevegehome.com\/fr\/chou-frise-red-russian\/","og_locale":"fr_FR","og_type":"article","og_title":"Chou fris\u00e9 Red Russian - Vegehome Capsuels","og_description":"Connu pour ses feuilles vertes lisses et lob\u00e9es avec des veines et des tiges violettes, le chou rouge russe se d\u00e9guste cru ou cuit!","og_url":"https:\/\/us.thevegehome.com\/fr\/chou-frise-red-russian\/","og_site_name":"Vegehome USA","article_publisher":"https:\/\/www.facebook.com\/thevegehome","article_modified_time":"2020-11-17T21:42:06+00:00","og_image":[{"width":660,"height":370,"url":"https:\/\/us.thevegehome.com\/wp-content\/uploads\/2020\/10\/Red-Russian-Kale-Detail.png","type":"image\/png"}],"schema":{"@context":"https:\/\/schema.org","@graph":[{"@type":"WebPage","@id":"https:\/\/us.thevegehome.com\/fr\/chou-frise-red-russian\/","url":"https:\/\/us.thevegehome.com\/fr\/chou-frise-red-russian\/","name":"Chou fris\u00e9 Red Russian - Vegehome Capsuels","isPartOf":{"@id":"https:\/\/us.thevegehome.com\/fr\/#website"},"primaryImageOfPage":{"@id":"https:\/\/us.thevegehome.com\/fr\/chou-frise-red-russian\/#primaryimage"},"image":{"@id":"https:\/\/us.thevegehome.com\/fr\/chou-frise-red-russian\/#primaryimage"},"thumbnailUrl":"https:\/\/us.thevegehome.com\/wp-content\/uploads\/2020\/10\/Red-Russian-Kale-Detail.png","datePublished":"2020-10-22T18:22:18+00:00","dateModified":"2020-11-17T21:42:06+00:00","description":"Connu pour ses feuilles vertes lisses et lob\u00e9es avec des veines et des tiges violettes, le chou rouge russe se d\u00e9guste cru ou cuit!","breadcrumb":{"@id":"https:\/\/us.thevegehome.com\/fr\/chou-frise-red-russian\/#breadcrumb"},"inLanguage":"fr-FR","potentialAction":[{"@type":"ReadAction","target":["https:\/\/us.thevegehome.com\/fr\/chou-frise-red-russian\/"]}]},{"@type":"ImageObject","inLanguage":"fr-FR","@id":"https:\/\/us.thevegehome.com\/fr\/chou-frise-red-russian\/#primaryimage","url":"https:\/\/us.thevegehome.com\/wp-content\/uploads\/2020\/10\/Red-Russian-Kale-Detail.png","contentUrl":"https:\/\/us.thevegehome.com\/wp-content\/uploads\/2020\/10\/Red-Russian-Kale-Detail.png","width":660,"height":370},{"@type":"BreadcrumbList","@id":"https:\/\/us.thevegehome.com\/fr\/chou-frise-red-russian\/#breadcrumb","itemListElement":[{"@type":"ListItem","position":1,"name":"Home","item":"https:\/\/us.thevegehome.com\/fr\/"},{"@type":"ListItem","position":2,"name":"Chou fris\u00e9 Red Russian"}]},{"@type":"WebSite","@id":"https:\/\/us.thevegehome.com\/fr\/#website","url":"https:\/\/us.thevegehome.com\/fr\/","name":"Vegehome USA","description":"Vegehome USA","publisher":{"@id":"https:\/\/us.thevegehome.com\/fr\/#organization"},"potentialAction":[{"@type":"SearchAction","target":{"@type":"EntryPoint","urlTemplate":"https:\/\/us.thevegehome.com\/fr\/?s={search_term_string}"},"query-input":{"@type":"PropertyValueSpecification","valueRequired":true,"valueName":"search_term_string"}}],"inLanguage":"fr-FR"},{"@type":"Organization","@id":"https:\/\/us.thevegehome.com\/fr\/#organization","name":"Vegehome USA","url":"https:\/\/us.thevegehome.com\/fr\/","logo":{"@type":"ImageObject","inLanguage":"fr-FR","@id":"https:\/\/us.thevegehome.com\/fr\/#\/schema\/logo\/image\/","url":"https:\/\/us.thevegehome.com\/wp-content\/uploads\/2020\/10\/Vegehome_Newlogo_2x.png","contentUrl":"https:\/\/us.thevegehome.com\/wp-content\/uploads\/2020\/10\/Vegehome_Newlogo_2x.png","width":326,"height":60,"caption":"Vegehome USA"},"image":{"@id":"https:\/\/us.thevegehome.com\/fr\/#\/schema\/logo\/image\/"},"sameAs":["https:\/\/www.facebook.com\/thevegehome","https:\/\/www.instagram.com\/thevegehome\/","https:\/\/www.pinterest.ca\/thevegehome\/"]}]}},"_links":{"self":[{"href":"https:\/\/us.thevegehome.com\/fr\/wp-json\/wp\/v2\/pages\/1976","targetHints":{"allow":["GET"]}}],"collection":[{"href":"https:\/\/us.thevegehome.com\/fr\/wp-json\/wp\/v2\/pages"}],"about":[{"href":"https:\/\/us.thevegehome.com\/fr\/wp-json\/wp\/v2\/types\/page"}],"author":[{"embeddable":true,"href":"https:\/\/us.thevegehome.com\/fr\/wp-json\/wp\/v2\/users\/1"}],"replies":[{"embeddable":true,"href":"https:\/\/us.thevegehome.com\/fr\/wp-json\/wp\/v2\/comments?post=1976"}],"version-history":[{"count":4,"href":"https:\/\/us.thevegehome.com\/fr\/wp-json\/wp\/v2\/pages\/1976\/revisions"}],"predecessor-version":[{"id":2201,"href":"https:\/\/us.thevegehome.com\/fr\/wp-json\/wp\/v2\/pages\/1976\/revisions\/2201"}],"wp:featuredmedia":[{"embeddable":true,"href":"https:\/\/us.thevegehome.com\/fr\/wp-json\/wp\/v2\/media\/1530"}],"wp:attachment":[{"href":"https:\/\/us.thevegehome.com\/fr\/wp-json\/wp\/v2\/media?parent=1976"}],"curies":[{"name":"wp","href":"https:\/\/api.w.org\/{rel}","templated":true}]}}