{"id":1939,"date":"2020-10-22T15:33:36","date_gmt":"2020-10-22T19:33:36","guid":{"rendered":"https:\/\/thevegehome.com\/helios-basil\/"},"modified":"2020-11-17T21:44:29","modified_gmt":"2020-11-17T21:44:29","slug":"helios-basil","status":"publish","type":"page","link":"https:\/\/us.thevegehome.com\/fr\/basilic-helios\/","title":{"rendered":"Basilic Helios"},"content":{"rendered":"<p>&nbsp;<\/p>\n<p>&nbsp;<\/p>\n<p>&nbsp;<\/p>\n<p>&nbsp;<\/p>\n","protected":false},"excerpt":{"rendered":"<p>&nbsp; &nbsp; &nbsp; &nbsp;<\/p>\n","protected":false},"author":1,"featured_media":1544,"parent":0,"menu_order":0,"comment_status":"closed","ping_status":"closed","template":"template-pods-details.php","meta":{"_acf_changed":false,"footnotes":""},"class_list":["post-1939","page","type-page","status-publish","has-post-thumbnail","hentry"],"acf":[],"yoast_head":"<!-- This site is optimized with the Yoast SEO plugin v27.4 - https:\/\/yoast.com\/product\/yoast-seo-wordpress\/ -->\n<title>Basilic Helios - Vegehome Capsuels<\/title>\n<meta name=\"description\" content=\"Le basilic Helios est un cam\u00e9l\u00e9on culinaire en raison de son go\u00fbt parfum\u00e9, frais et citronn\u00e9 qui est parfait pour assaisonner des salades, des mijot\u00e9s, des cocktails et des plats \u00e0 base de tomates.\" \/>\n<meta name=\"robots\" content=\"index, follow, max-snippet:-1, max-image-preview:large, max-video-preview:-1\" \/>\n<link rel=\"canonical\" href=\"https:\/\/us.thevegehome.com\/fr\/basilic-helios\/\" \/>\n<meta property=\"og:locale\" content=\"fr_FR\" \/>\n<meta property=\"og:type\" content=\"article\" \/>\n<meta property=\"og:title\" content=\"Basilic Helios - Vegehome Capsuels\" \/>\n<meta property=\"og:description\" content=\"Le basilic Helios est un cam\u00e9l\u00e9on culinaire en raison de son go\u00fbt parfum\u00e9, frais et citronn\u00e9 qui est parfait pour assaisonner des salades, des mijot\u00e9s, des cocktails et des plats \u00e0 base de tomates.\" \/>\n<meta property=\"og:url\" content=\"https:\/\/us.thevegehome.com\/fr\/basilic-helios\/\" \/>\n<meta property=\"og:site_name\" content=\"Vegehome USA\" \/>\n<meta property=\"article:publisher\" content=\"https:\/\/www.facebook.com\/thevegehome\" \/>\n<meta property=\"article:modified_time\" content=\"2020-11-17T21:44:29+00:00\" \/>\n<meta property=\"og:image\" content=\"https:\/\/us.thevegehome.com\/wp-content\/uploads\/2020\/10\/Helios-Basil-Detail.png\" \/>\n\t<meta property=\"og:image:width\" content=\"660\" \/>\n\t<meta property=\"og:image:height\" content=\"370\" \/>\n\t<meta property=\"og:image:type\" content=\"image\/png\" \/>\n<script type=\"application\/ld+json\" class=\"yoast-schema-graph\">{\"@context\":\"https:\\\/\\\/schema.org\",\"@graph\":[{\"@type\":\"WebPage\",\"@id\":\"https:\\\/\\\/us.thevegehome.com\\\/fr\\\/basilic-helios\\\/\",\"url\":\"https:\\\/\\\/us.thevegehome.com\\\/fr\\\/basilic-helios\\\/\",\"name\":\"Basilic Helios - Vegehome Capsuels\",\"isPartOf\":{\"@id\":\"https:\\\/\\\/us.thevegehome.com\\\/fr\\\/#website\"},\"primaryImageOfPage\":{\"@id\":\"https:\\\/\\\/us.thevegehome.com\\\/fr\\\/basilic-helios\\\/#primaryimage\"},\"image\":{\"@id\":\"https:\\\/\\\/us.thevegehome.com\\\/fr\\\/basilic-helios\\\/#primaryimage\"},\"thumbnailUrl\":\"https:\\\/\\\/us.thevegehome.com\\\/wp-content\\\/uploads\\\/2020\\\/10\\\/Helios-Basil-Detail.png\",\"datePublished\":\"2020-10-22T19:33:36+00:00\",\"dateModified\":\"2020-11-17T21:44:29+00:00\",\"description\":\"Le basilic Helios est un cam\u00e9l\u00e9on culinaire en raison de son go\u00fbt parfum\u00e9, frais et citronn\u00e9 qui est parfait pour assaisonner des salades, des mijot\u00e9s, des cocktails et des plats \u00e0 base de tomates.\",\"breadcrumb\":{\"@id\":\"https:\\\/\\\/us.thevegehome.com\\\/fr\\\/basilic-helios\\\/#breadcrumb\"},\"inLanguage\":\"fr-FR\",\"potentialAction\":[{\"@type\":\"ReadAction\",\"target\":[\"https:\\\/\\\/us.thevegehome.com\\\/fr\\\/basilic-helios\\\/\"]}]},{\"@type\":\"ImageObject\",\"inLanguage\":\"fr-FR\",\"@id\":\"https:\\\/\\\/us.thevegehome.com\\\/fr\\\/basilic-helios\\\/#primaryimage\",\"url\":\"https:\\\/\\\/us.thevegehome.com\\\/wp-content\\\/uploads\\\/2020\\\/10\\\/Helios-Basil-Detail.png\",\"contentUrl\":\"https:\\\/\\\/us.thevegehome.com\\\/wp-content\\\/uploads\\\/2020\\\/10\\\/Helios-Basil-Detail.png\",\"width\":660,\"height\":370},{\"@type\":\"BreadcrumbList\",\"@id\":\"https:\\\/\\\/us.thevegehome.com\\\/fr\\\/basilic-helios\\\/#breadcrumb\",\"itemListElement\":[{\"@type\":\"ListItem\",\"position\":1,\"name\":\"Home\",\"item\":\"https:\\\/\\\/us.thevegehome.com\\\/fr\\\/\"},{\"@type\":\"ListItem\",\"position\":2,\"name\":\"Basilic Helios\"}]},{\"@type\":\"WebSite\",\"@id\":\"https:\\\/\\\/us.thevegehome.com\\\/fr\\\/#website\",\"url\":\"https:\\\/\\\/us.thevegehome.com\\\/fr\\\/\",\"name\":\"Vegehome USA\",\"description\":\"Vegehome USA\",\"publisher\":{\"@id\":\"https:\\\/\\\/us.thevegehome.com\\\/fr\\\/#organization\"},\"potentialAction\":[{\"@type\":\"SearchAction\",\"target\":{\"@type\":\"EntryPoint\",\"urlTemplate\":\"https:\\\/\\\/us.thevegehome.com\\\/fr\\\/?s={search_term_string}\"},\"query-input\":{\"@type\":\"PropertyValueSpecification\",\"valueRequired\":true,\"valueName\":\"search_term_string\"}}],\"inLanguage\":\"fr-FR\"},{\"@type\":\"Organization\",\"@id\":\"https:\\\/\\\/us.thevegehome.com\\\/fr\\\/#organization\",\"name\":\"Vegehome USA\",\"url\":\"https:\\\/\\\/us.thevegehome.com\\\/fr\\\/\",\"logo\":{\"@type\":\"ImageObject\",\"inLanguage\":\"fr-FR\",\"@id\":\"https:\\\/\\\/us.thevegehome.com\\\/fr\\\/#\\\/schema\\\/logo\\\/image\\\/\",\"url\":\"https:\\\/\\\/us.thevegehome.com\\\/wp-content\\\/uploads\\\/2020\\\/10\\\/Vegehome_Newlogo_2x.png\",\"contentUrl\":\"https:\\\/\\\/us.thevegehome.com\\\/wp-content\\\/uploads\\\/2020\\\/10\\\/Vegehome_Newlogo_2x.png\",\"width\":326,\"height\":60,\"caption\":\"Vegehome USA\"},\"image\":{\"@id\":\"https:\\\/\\\/us.thevegehome.com\\\/fr\\\/#\\\/schema\\\/logo\\\/image\\\/\"},\"sameAs\":[\"https:\\\/\\\/www.facebook.com\\\/thevegehome\",\"https:\\\/\\\/www.instagram.com\\\/thevegehome\\\/\",\"https:\\\/\\\/www.pinterest.ca\\\/thevegehome\\\/\"]}]}<\/script>\n<!-- \/ Yoast SEO plugin. -->","yoast_head_json":{"title":"Basilic Helios - Vegehome Capsuels","description":"Le basilic Helios est un cam\u00e9l\u00e9on culinaire en raison de son go\u00fbt parfum\u00e9, frais et citronn\u00e9 qui est parfait pour assaisonner des salades, des mijot\u00e9s, des cocktails et des plats \u00e0 base de tomates.","robots":{"index":"index","follow":"follow","max-snippet":"max-snippet:-1","max-image-preview":"max-image-preview:large","max-video-preview":"max-video-preview:-1"},"canonical":"https:\/\/us.thevegehome.com\/fr\/basilic-helios\/","og_locale":"fr_FR","og_type":"article","og_title":"Basilic Helios - Vegehome Capsuels","og_description":"Le basilic Helios est un cam\u00e9l\u00e9on culinaire en raison de son go\u00fbt parfum\u00e9, frais et citronn\u00e9 qui est parfait pour assaisonner des salades, des mijot\u00e9s, des cocktails et des plats \u00e0 base de tomates.","og_url":"https:\/\/us.thevegehome.com\/fr\/basilic-helios\/","og_site_name":"Vegehome USA","article_publisher":"https:\/\/www.facebook.com\/thevegehome","article_modified_time":"2020-11-17T21:44:29+00:00","og_image":[{"width":660,"height":370,"url":"https:\/\/us.thevegehome.com\/wp-content\/uploads\/2020\/10\/Helios-Basil-Detail.png","type":"image\/png"}],"schema":{"@context":"https:\/\/schema.org","@graph":[{"@type":"WebPage","@id":"https:\/\/us.thevegehome.com\/fr\/basilic-helios\/","url":"https:\/\/us.thevegehome.com\/fr\/basilic-helios\/","name":"Basilic Helios - Vegehome Capsuels","isPartOf":{"@id":"https:\/\/us.thevegehome.com\/fr\/#website"},"primaryImageOfPage":{"@id":"https:\/\/us.thevegehome.com\/fr\/basilic-helios\/#primaryimage"},"image":{"@id":"https:\/\/us.thevegehome.com\/fr\/basilic-helios\/#primaryimage"},"thumbnailUrl":"https:\/\/us.thevegehome.com\/wp-content\/uploads\/2020\/10\/Helios-Basil-Detail.png","datePublished":"2020-10-22T19:33:36+00:00","dateModified":"2020-11-17T21:44:29+00:00","description":"Le basilic Helios est un cam\u00e9l\u00e9on culinaire en raison de son go\u00fbt parfum\u00e9, frais et citronn\u00e9 qui est parfait pour assaisonner des salades, des mijot\u00e9s, des cocktails et des plats \u00e0 base de tomates.","breadcrumb":{"@id":"https:\/\/us.thevegehome.com\/fr\/basilic-helios\/#breadcrumb"},"inLanguage":"fr-FR","potentialAction":[{"@type":"ReadAction","target":["https:\/\/us.thevegehome.com\/fr\/basilic-helios\/"]}]},{"@type":"ImageObject","inLanguage":"fr-FR","@id":"https:\/\/us.thevegehome.com\/fr\/basilic-helios\/#primaryimage","url":"https:\/\/us.thevegehome.com\/wp-content\/uploads\/2020\/10\/Helios-Basil-Detail.png","contentUrl":"https:\/\/us.thevegehome.com\/wp-content\/uploads\/2020\/10\/Helios-Basil-Detail.png","width":660,"height":370},{"@type":"BreadcrumbList","@id":"https:\/\/us.thevegehome.com\/fr\/basilic-helios\/#breadcrumb","itemListElement":[{"@type":"ListItem","position":1,"name":"Home","item":"https:\/\/us.thevegehome.com\/fr\/"},{"@type":"ListItem","position":2,"name":"Basilic Helios"}]},{"@type":"WebSite","@id":"https:\/\/us.thevegehome.com\/fr\/#website","url":"https:\/\/us.thevegehome.com\/fr\/","name":"Vegehome USA","description":"Vegehome USA","publisher":{"@id":"https:\/\/us.thevegehome.com\/fr\/#organization"},"potentialAction":[{"@type":"SearchAction","target":{"@type":"EntryPoint","urlTemplate":"https:\/\/us.thevegehome.com\/fr\/?s={search_term_string}"},"query-input":{"@type":"PropertyValueSpecification","valueRequired":true,"valueName":"search_term_string"}}],"inLanguage":"fr-FR"},{"@type":"Organization","@id":"https:\/\/us.thevegehome.com\/fr\/#organization","name":"Vegehome USA","url":"https:\/\/us.thevegehome.com\/fr\/","logo":{"@type":"ImageObject","inLanguage":"fr-FR","@id":"https:\/\/us.thevegehome.com\/fr\/#\/schema\/logo\/image\/","url":"https:\/\/us.thevegehome.com\/wp-content\/uploads\/2020\/10\/Vegehome_Newlogo_2x.png","contentUrl":"https:\/\/us.thevegehome.com\/wp-content\/uploads\/2020\/10\/Vegehome_Newlogo_2x.png","width":326,"height":60,"caption":"Vegehome USA"},"image":{"@id":"https:\/\/us.thevegehome.com\/fr\/#\/schema\/logo\/image\/"},"sameAs":["https:\/\/www.facebook.com\/thevegehome","https:\/\/www.instagram.com\/thevegehome\/","https:\/\/www.pinterest.ca\/thevegehome\/"]}]}},"_links":{"self":[{"href":"https:\/\/us.thevegehome.com\/fr\/wp-json\/wp\/v2\/pages\/1939","targetHints":{"allow":["GET"]}}],"collection":[{"href":"https:\/\/us.thevegehome.com\/fr\/wp-json\/wp\/v2\/pages"}],"about":[{"href":"https:\/\/us.thevegehome.com\/fr\/wp-json\/wp\/v2\/types\/page"}],"author":[{"embeddable":true,"href":"https:\/\/us.thevegehome.com\/fr\/wp-json\/wp\/v2\/users\/1"}],"replies":[{"embeddable":true,"href":"https:\/\/us.thevegehome.com\/fr\/wp-json\/wp\/v2\/comments?post=1939"}],"version-history":[{"count":3,"href":"https:\/\/us.thevegehome.com\/fr\/wp-json\/wp\/v2\/pages\/1939\/revisions"}],"predecessor-version":[{"id":2205,"href":"https:\/\/us.thevegehome.com\/fr\/wp-json\/wp\/v2\/pages\/1939\/revisions\/2205"}],"wp:featuredmedia":[{"embeddable":true,"href":"https:\/\/us.thevegehome.com\/fr\/wp-json\/wp\/v2\/media\/1544"}],"wp:attachment":[{"href":"https:\/\/us.thevegehome.com\/fr\/wp-json\/wp\/v2\/media?parent=1939"}],"curies":[{"name":"wp","href":"https:\/\/api.w.org\/{rel}","templated":true}]}}