{"id":1927,"date":"2020-10-22T14:49:51","date_gmt":"2020-10-22T18:49:51","guid":{"rendered":"https:\/\/thevegehome.com\/green-chard\/"},"modified":"2020-11-17T21:42:20","modified_gmt":"2020-11-17T21:42:20","slug":"green-chard","status":"publish","type":"page","link":"https:\/\/us.thevegehome.com\/fr\/bette-a-carde-verte\/","title":{"rendered":"Bette \u00e0 carde verte"},"content":{"rendered":"<p>&nbsp;<\/p>\n<p>&nbsp;<\/p>\n","protected":false},"excerpt":{"rendered":"<p>&nbsp; &nbsp;<\/p>\n","protected":false},"author":1,"featured_media":1536,"parent":0,"menu_order":0,"comment_status":"closed","ping_status":"closed","template":"template-pods-details.php","meta":{"_acf_changed":false,"footnotes":""},"class_list":["post-1927","page","type-page","status-publish","has-post-thumbnail","hentry"],"acf":[],"yoast_head":"<!-- This site is optimized with the Yoast SEO plugin v27.3 - https:\/\/yoast.com\/product\/yoast-seo-wordpress\/ -->\n<title>Bette \u00e0 carde verte - Vegehome Capsuels<\/title>\n<meta name=\"description\" content=\"Les blettes vertes ont des feuilles vertes fonc\u00e9es et luxuriantes et peuvent \u00eatre consomm\u00e9es crues lorsque leurs feuilles sont plus jeunes ou saut\u00e9es lorsque les feuilles ont m\u00fbri. Apprendre encore plus!\" \/>\n<meta name=\"robots\" content=\"index, follow, max-snippet:-1, max-image-preview:large, max-video-preview:-1\" \/>\n<link rel=\"canonical\" href=\"https:\/\/us.thevegehome.com\/fr\/bette-a-carde-verte\/\" \/>\n<meta property=\"og:locale\" content=\"fr_FR\" \/>\n<meta property=\"og:type\" content=\"article\" \/>\n<meta property=\"og:title\" content=\"Bette \u00e0 carde verte - Vegehome Capsuels\" \/>\n<meta property=\"og:description\" content=\"Les blettes vertes ont des feuilles vertes fonc\u00e9es et luxuriantes et peuvent \u00eatre consomm\u00e9es crues lorsque leurs feuilles sont plus jeunes ou saut\u00e9es lorsque les feuilles ont m\u00fbri. Apprendre encore plus!\" \/>\n<meta property=\"og:url\" content=\"https:\/\/us.thevegehome.com\/fr\/bette-a-carde-verte\/\" \/>\n<meta property=\"og:site_name\" content=\"Vegehome USA\" \/>\n<meta property=\"article:publisher\" content=\"https:\/\/www.facebook.com\/thevegehome\" \/>\n<meta property=\"article:modified_time\" content=\"2020-11-17T21:42:20+00:00\" \/>\n<meta property=\"og:image\" content=\"https:\/\/us.thevegehome.com\/wp-content\/uploads\/2020\/10\/Green-Chard-Detail.png\" \/>\n\t<meta property=\"og:image:width\" content=\"660\" \/>\n\t<meta property=\"og:image:height\" content=\"370\" \/>\n\t<meta property=\"og:image:type\" content=\"image\/png\" \/>\n<script type=\"application\/ld+json\" class=\"yoast-schema-graph\">{\"@context\":\"https:\\\/\\\/schema.org\",\"@graph\":[{\"@type\":\"WebPage\",\"@id\":\"https:\\\/\\\/us.thevegehome.com\\\/fr\\\/bette-a-carde-verte\\\/\",\"url\":\"https:\\\/\\\/us.thevegehome.com\\\/fr\\\/bette-a-carde-verte\\\/\",\"name\":\"Bette \u00e0 carde verte - Vegehome Capsuels\",\"isPartOf\":{\"@id\":\"https:\\\/\\\/us.thevegehome.com\\\/fr\\\/#website\"},\"primaryImageOfPage\":{\"@id\":\"https:\\\/\\\/us.thevegehome.com\\\/fr\\\/bette-a-carde-verte\\\/#primaryimage\"},\"image\":{\"@id\":\"https:\\\/\\\/us.thevegehome.com\\\/fr\\\/bette-a-carde-verte\\\/#primaryimage\"},\"thumbnailUrl\":\"https:\\\/\\\/us.thevegehome.com\\\/wp-content\\\/uploads\\\/2020\\\/10\\\/Green-Chard-Detail.png\",\"datePublished\":\"2020-10-22T18:49:51+00:00\",\"dateModified\":\"2020-11-17T21:42:20+00:00\",\"description\":\"Les blettes vertes ont des feuilles vertes fonc\u00e9es et luxuriantes et peuvent \u00eatre consomm\u00e9es crues lorsque leurs feuilles sont plus jeunes ou saut\u00e9es lorsque les feuilles ont m\u00fbri. Apprendre encore plus!\",\"breadcrumb\":{\"@id\":\"https:\\\/\\\/us.thevegehome.com\\\/fr\\\/bette-a-carde-verte\\\/#breadcrumb\"},\"inLanguage\":\"fr-FR\",\"potentialAction\":[{\"@type\":\"ReadAction\",\"target\":[\"https:\\\/\\\/us.thevegehome.com\\\/fr\\\/bette-a-carde-verte\\\/\"]}]},{\"@type\":\"ImageObject\",\"inLanguage\":\"fr-FR\",\"@id\":\"https:\\\/\\\/us.thevegehome.com\\\/fr\\\/bette-a-carde-verte\\\/#primaryimage\",\"url\":\"https:\\\/\\\/us.thevegehome.com\\\/wp-content\\\/uploads\\\/2020\\\/10\\\/Green-Chard-Detail.png\",\"contentUrl\":\"https:\\\/\\\/us.thevegehome.com\\\/wp-content\\\/uploads\\\/2020\\\/10\\\/Green-Chard-Detail.png\",\"width\":660,\"height\":370},{\"@type\":\"BreadcrumbList\",\"@id\":\"https:\\\/\\\/us.thevegehome.com\\\/fr\\\/bette-a-carde-verte\\\/#breadcrumb\",\"itemListElement\":[{\"@type\":\"ListItem\",\"position\":1,\"name\":\"Home\",\"item\":\"https:\\\/\\\/us.thevegehome.com\\\/fr\\\/\"},{\"@type\":\"ListItem\",\"position\":2,\"name\":\"Bette \u00e0 carde verte\"}]},{\"@type\":\"WebSite\",\"@id\":\"https:\\\/\\\/us.thevegehome.com\\\/fr\\\/#website\",\"url\":\"https:\\\/\\\/us.thevegehome.com\\\/fr\\\/\",\"name\":\"Vegehome USA\",\"description\":\"Vegehome USA\",\"publisher\":{\"@id\":\"https:\\\/\\\/us.thevegehome.com\\\/fr\\\/#organization\"},\"potentialAction\":[{\"@type\":\"SearchAction\",\"target\":{\"@type\":\"EntryPoint\",\"urlTemplate\":\"https:\\\/\\\/us.thevegehome.com\\\/fr\\\/?s={search_term_string}\"},\"query-input\":{\"@type\":\"PropertyValueSpecification\",\"valueRequired\":true,\"valueName\":\"search_term_string\"}}],\"inLanguage\":\"fr-FR\"},{\"@type\":\"Organization\",\"@id\":\"https:\\\/\\\/us.thevegehome.com\\\/fr\\\/#organization\",\"name\":\"Vegehome USA\",\"url\":\"https:\\\/\\\/us.thevegehome.com\\\/fr\\\/\",\"logo\":{\"@type\":\"ImageObject\",\"inLanguage\":\"fr-FR\",\"@id\":\"https:\\\/\\\/us.thevegehome.com\\\/fr\\\/#\\\/schema\\\/logo\\\/image\\\/\",\"url\":\"https:\\\/\\\/us.thevegehome.com\\\/wp-content\\\/uploads\\\/2020\\\/10\\\/Vegehome_Newlogo_2x.png\",\"contentUrl\":\"https:\\\/\\\/us.thevegehome.com\\\/wp-content\\\/uploads\\\/2020\\\/10\\\/Vegehome_Newlogo_2x.png\",\"width\":326,\"height\":60,\"caption\":\"Vegehome USA\"},\"image\":{\"@id\":\"https:\\\/\\\/us.thevegehome.com\\\/fr\\\/#\\\/schema\\\/logo\\\/image\\\/\"},\"sameAs\":[\"https:\\\/\\\/www.facebook.com\\\/thevegehome\",\"https:\\\/\\\/www.instagram.com\\\/thevegehome\\\/\",\"https:\\\/\\\/www.pinterest.ca\\\/thevegehome\\\/\"]}]}<\/script>\n<!-- \/ Yoast SEO plugin. -->","yoast_head_json":{"title":"Bette \u00e0 carde verte - Vegehome Capsuels","description":"Les blettes vertes ont des feuilles vertes fonc\u00e9es et luxuriantes et peuvent \u00eatre consomm\u00e9es crues lorsque leurs feuilles sont plus jeunes ou saut\u00e9es lorsque les feuilles ont m\u00fbri. Apprendre encore plus!","robots":{"index":"index","follow":"follow","max-snippet":"max-snippet:-1","max-image-preview":"max-image-preview:large","max-video-preview":"max-video-preview:-1"},"canonical":"https:\/\/us.thevegehome.com\/fr\/bette-a-carde-verte\/","og_locale":"fr_FR","og_type":"article","og_title":"Bette \u00e0 carde verte - Vegehome Capsuels","og_description":"Les blettes vertes ont des feuilles vertes fonc\u00e9es et luxuriantes et peuvent \u00eatre consomm\u00e9es crues lorsque leurs feuilles sont plus jeunes ou saut\u00e9es lorsque les feuilles ont m\u00fbri. Apprendre encore plus!","og_url":"https:\/\/us.thevegehome.com\/fr\/bette-a-carde-verte\/","og_site_name":"Vegehome USA","article_publisher":"https:\/\/www.facebook.com\/thevegehome","article_modified_time":"2020-11-17T21:42:20+00:00","og_image":[{"width":660,"height":370,"url":"https:\/\/us.thevegehome.com\/wp-content\/uploads\/2020\/10\/Green-Chard-Detail.png","type":"image\/png"}],"schema":{"@context":"https:\/\/schema.org","@graph":[{"@type":"WebPage","@id":"https:\/\/us.thevegehome.com\/fr\/bette-a-carde-verte\/","url":"https:\/\/us.thevegehome.com\/fr\/bette-a-carde-verte\/","name":"Bette \u00e0 carde verte - Vegehome Capsuels","isPartOf":{"@id":"https:\/\/us.thevegehome.com\/fr\/#website"},"primaryImageOfPage":{"@id":"https:\/\/us.thevegehome.com\/fr\/bette-a-carde-verte\/#primaryimage"},"image":{"@id":"https:\/\/us.thevegehome.com\/fr\/bette-a-carde-verte\/#primaryimage"},"thumbnailUrl":"https:\/\/us.thevegehome.com\/wp-content\/uploads\/2020\/10\/Green-Chard-Detail.png","datePublished":"2020-10-22T18:49:51+00:00","dateModified":"2020-11-17T21:42:20+00:00","description":"Les blettes vertes ont des feuilles vertes fonc\u00e9es et luxuriantes et peuvent \u00eatre consomm\u00e9es crues lorsque leurs feuilles sont plus jeunes ou saut\u00e9es lorsque les feuilles ont m\u00fbri. Apprendre encore plus!","breadcrumb":{"@id":"https:\/\/us.thevegehome.com\/fr\/bette-a-carde-verte\/#breadcrumb"},"inLanguage":"fr-FR","potentialAction":[{"@type":"ReadAction","target":["https:\/\/us.thevegehome.com\/fr\/bette-a-carde-verte\/"]}]},{"@type":"ImageObject","inLanguage":"fr-FR","@id":"https:\/\/us.thevegehome.com\/fr\/bette-a-carde-verte\/#primaryimage","url":"https:\/\/us.thevegehome.com\/wp-content\/uploads\/2020\/10\/Green-Chard-Detail.png","contentUrl":"https:\/\/us.thevegehome.com\/wp-content\/uploads\/2020\/10\/Green-Chard-Detail.png","width":660,"height":370},{"@type":"BreadcrumbList","@id":"https:\/\/us.thevegehome.com\/fr\/bette-a-carde-verte\/#breadcrumb","itemListElement":[{"@type":"ListItem","position":1,"name":"Home","item":"https:\/\/us.thevegehome.com\/fr\/"},{"@type":"ListItem","position":2,"name":"Bette \u00e0 carde verte"}]},{"@type":"WebSite","@id":"https:\/\/us.thevegehome.com\/fr\/#website","url":"https:\/\/us.thevegehome.com\/fr\/","name":"Vegehome USA","description":"Vegehome USA","publisher":{"@id":"https:\/\/us.thevegehome.com\/fr\/#organization"},"potentialAction":[{"@type":"SearchAction","target":{"@type":"EntryPoint","urlTemplate":"https:\/\/us.thevegehome.com\/fr\/?s={search_term_string}"},"query-input":{"@type":"PropertyValueSpecification","valueRequired":true,"valueName":"search_term_string"}}],"inLanguage":"fr-FR"},{"@type":"Organization","@id":"https:\/\/us.thevegehome.com\/fr\/#organization","name":"Vegehome USA","url":"https:\/\/us.thevegehome.com\/fr\/","logo":{"@type":"ImageObject","inLanguage":"fr-FR","@id":"https:\/\/us.thevegehome.com\/fr\/#\/schema\/logo\/image\/","url":"https:\/\/us.thevegehome.com\/wp-content\/uploads\/2020\/10\/Vegehome_Newlogo_2x.png","contentUrl":"https:\/\/us.thevegehome.com\/wp-content\/uploads\/2020\/10\/Vegehome_Newlogo_2x.png","width":326,"height":60,"caption":"Vegehome USA"},"image":{"@id":"https:\/\/us.thevegehome.com\/fr\/#\/schema\/logo\/image\/"},"sameAs":["https:\/\/www.facebook.com\/thevegehome","https:\/\/www.instagram.com\/thevegehome\/","https:\/\/www.pinterest.ca\/thevegehome\/"]}]}},"_links":{"self":[{"href":"https:\/\/us.thevegehome.com\/fr\/wp-json\/wp\/v2\/pages\/1927","targetHints":{"allow":["GET"]}}],"collection":[{"href":"https:\/\/us.thevegehome.com\/fr\/wp-json\/wp\/v2\/pages"}],"about":[{"href":"https:\/\/us.thevegehome.com\/fr\/wp-json\/wp\/v2\/types\/page"}],"author":[{"embeddable":true,"href":"https:\/\/us.thevegehome.com\/fr\/wp-json\/wp\/v2\/users\/1"}],"replies":[{"embeddable":true,"href":"https:\/\/us.thevegehome.com\/fr\/wp-json\/wp\/v2\/comments?post=1927"}],"version-history":[{"count":3,"href":"https:\/\/us.thevegehome.com\/fr\/wp-json\/wp\/v2\/pages\/1927\/revisions"}],"predecessor-version":[{"id":2202,"href":"https:\/\/us.thevegehome.com\/fr\/wp-json\/wp\/v2\/pages\/1927\/revisions\/2202"}],"wp:featuredmedia":[{"embeddable":true,"href":"https:\/\/us.thevegehome.com\/fr\/wp-json\/wp\/v2\/media\/1536"}],"wp:attachment":[{"href":"https:\/\/us.thevegehome.com\/fr\/wp-json\/wp\/v2\/media?parent=1927"}],"curies":[{"name":"wp","href":"https:\/\/api.w.org\/{rel}","templated":true}]}}