{"id":1775,"date":"2020-06-23T14:11:01","date_gmt":"2020-06-23T18:11:01","guid":{"rendered":"https:\/\/thevegehome.com\/privacy-policy-2\/"},"modified":"2022-08-31T12:19:53","modified_gmt":"2022-08-31T16:19:53","slug":"politique-de-confidentialite","status":"publish","type":"page","link":"https:\/\/us.thevegehome.com\/fr\/politique-de-confidentialite-vegehome\/","title":{"rendered":"Politique de confidentialit\u00e9"},"content":{"rendered":"<p>Cette Politique de confidentialit\u00e9 d\u00e9crit comment votre information personnelle est recueillie, utilis\u00e9e et partag\u00e9e lorsque vous visitez ou faites un achat de us.thevegehome.com (le \u00ab Site \u00bb).<\/p>\n<p><b>L\u2019INFORMATION PERSONNELLE QUE NOUS RECUEILLONS<\/b><\/p>\n<p>Lorsque vous visitez le Site, nous recueillons automatiquement certaines informations concernant votre appareil, incluant de l\u2019information sur votre navigateur Web, adresse IP, fuseau horaire et certains des t\u00e9moins qui sont install\u00e9s sur votre appareil. De plus, lorsque vous naviguez dans le site, nous recueillons de l\u2019information sur les pages individuelles ou les produits que vous consultez, quels sites Web ou mots de recherche vous ont renvoy\u00e9s au Site et de l\u2019information sur la mani\u00e8re dont vous interagissez avec le Site. Nous d\u00e9signons ces informations automatiquement recueillies comme \u00ab\u00a0l\u2019Information sur l\u2019appareil\u00a0\u00bb.<\/p>\n<p><b>Nous recueillons l\u2019Information sur l\u2019appareil au moyen des technologies suivantes\u00a0:<\/b><\/p>\n<p>\u2013\u00a0Les \u00ab\u00a0t\u00e9moins\u00a0\u00bb sont des fichiers de donn\u00e9es qui sont enregistr\u00e9s sur votre appareil ou votre ordinateur et comprennent souvent un identifiant anonyme unique. Pour plus d\u2019information sur les t\u00e9moins et pour apprendre comment d\u00e9sactiver les t\u00e9moins, visitez le http:\/\/www.allaboutcookies.org.<\/p>\n<p>\u2013\u00a0Les \u00ab\u00a0fichiers journaux\u00a0\u00bb suivent les actions survenant sur le Site et recueillent des donn\u00e9es incluant votre adresse IP, type de navigateur, fournisseur d\u2019acc\u00e8s Internet, pages de renvoi\/de sortie, marquages date\/heure.<\/p>\n<p>\u2013\u00a0Les \u00ab\u00a0pixels-espions\u00a0\u00bb, les \u00ab\u00a0balises Internet\u00a0\u00bb et les \u00ab\u00a0pixels\u00a0\u00bb sont des fichiers \u00e9lectroniques utilis\u00e9s pour enregistrer de l\u2019information sur la mani\u00e8re dont vous naviguez sur le Site.<\/p>\n<p>De plus, lorsque vous faites un achat ou tentez de faire un achat via le Site, nous recueillons certaines de vos informations, incluant votre nom, adresse de facturation, adresse d\u2019exp\u00e9dition, information sur le paiement (incluant num\u00e9ros de carte de cr\u00e9dit, adresse courriel et num\u00e9ro de t\u00e9l\u00e9phone). Nous d\u00e9signons ces informations comme \u00ab\u00a0l\u2019Information sur la commande\u00a0\u00bb.<\/p>\n<p>Lorsque nous faisons r\u00e9f\u00e9rence \u00e0 \u00ab\u00a0l\u2019Information personnelle\u00a0\u00bb dans cette Politique de confidentialit\u00e9, nous d\u00e9signons l\u2019Information sur l\u2019appareil et l\u2019Information sur la commande.<\/p>\n<p><b>COMMENT UTILISONS-NOUS VOTRE INFORMATION PERSONNELLE?<\/b><\/p>\n<p>G\u00e9n\u00e9ralement, nous utilisons l\u2019Information sur la commande que nous recueillons pour ex\u00e9cuter les commandes plac\u00e9es via le Site (incluant le traitement de votre information sur le paiement, la pr\u00e9paration de la commande pour l\u2019exp\u00e9dition et l\u2019envoi de factures et de confirmations de commandes). De plus, nous utilisons cette Information sur la commande pour\u00a0: communiquer avec vous\u2009; analyser nos commandes pour des risques potentiels et des fraudes\u2009; et pour vous fournir de l\u2019information ou des publicit\u00e9s sur nos produits ou nos services conform\u00e9ment aux pr\u00e9f\u00e9rences que vous avez partag\u00e9es avec nous.<\/p>\n<p>Nous utilisons l\u2019Information sur l\u2019appareil que nous recueillons pour nous aider \u00e0 d\u00e9tecter des risques potentiels et des fraudes (plus pr\u00e9cis\u00e9ment, votre adresse IP) et de mani\u00e8re plus g\u00e9n\u00e9rale, pour am\u00e9liorer et optimiser notre Site (par exemple, en g\u00e9n\u00e9rant des analyses sur la mani\u00e8re dont nos clients naviguent et interagissent avec le Site et pour \u00e9valuer le succ\u00e8s de nos campagnes de marketing et de publicit\u00e9s).<\/p>\n<p><b>PARTAGE DE VOTRE INFORMATION PERSONNELLE<\/b><\/p>\n<p>Nous partageons votre Information personnelle avec des tiers pour nous aider \u00e0 utiliser votre Information personnelle comme il est d\u00e9crit ci-dessus. Par exemple, nous utilisons Shopify pour faire fonctionner notre boutique en ligne &#8212; vous pouvez lire davantage sur la mani\u00e8re dont Shopify utilise votre Information personnelle ici\u00a0: https:\/\/www.shopify.com\/legal\/privacy. Nous utilisons aussi Google Analytics pour nous aider \u00e0 comprendre comment nos clients utilisent le Site &#8212; vous pouvez lire davantage sur la mani\u00e8re dont Google utilise votre Information personnelle ici\u00a0: https:\/\/www.google.com\/intl\/en\/policies\/privacy\/. Vous pouvez \u00e9galement vous retirer de Google Analytics ici\u00a0: https:\/\/tools.google.com\/dlpage\/gaoptout.<\/p>\n<p>Enfin, nous pouvons \u00e9galement partager votre Information personnelle pour respecter les lois et r\u00e8glements applicables, r\u00e9pondre \u00e0 une assignation, un mandat de perquisition ou autre demande l\u00e9gale pour de l\u2019information que vous recevons ou pour prot\u00e9ger nos droits.<\/p>\n<p><b>PUBLICIT\u00c9 COMPORTEMENTALE<\/b><\/p>\n<p>Comme d\u00e9crit ci-dessus, nous utilisons votre Information personnelle pour vous fournir des publicit\u00e9s cibl\u00e9es ou des communications marketing susceptibles de vous int\u00e9resser. Pour plus d\u2019information sur la mani\u00e8re dont la publicit\u00e9 cibl\u00e9e fonctionne, vous pouvez visiter la page \u00e9ducative de la <i>Network Advertising Initiative<\/i> (NAI) au http:\/\/www.networkadvertising.org\/understanding-online-advertising\/how-does-it-work.<\/p>\n<p><b>Vous pouvez vous retirer de la publicit\u00e9 cibl\u00e9e en\u00a0:<\/b><\/p>\n<p>FACEBOOK \u2014 https:\/\/www.facebook.com\/settings\/?tab=ads<\/p>\n<p>GOOGLE \u2014 https:\/\/www.google.com\/settings\/ads\/anonymous<\/p>\n<p>BING \u2014 https:\/\/advertise.bingads.microsoft.com\/en-us\/resources\/policies\/personalized-ads<\/p>\n<p>De plus, vous pouvez vous retirer de certains de ces services en visitant le portail de non-participation de <i>la Digital Advertising Alliance<\/i> au\u00a0: http:\/\/optout.aboutads.info\/.<\/p>\n<p><b>TRAQUE INTERDITE<\/b><\/p>\n<p>Veuillez noter que nous ne modifions pas les pratiques de collecte et d\u2019utilisation de donn\u00e9es de notre Site lorsque nous recevons un signal \u00ab\u00a0Traque interdite\u00a0\u00bb de votre navigateur.<\/p>\n<p><b>R\u00c9TENTION DES DONN\u00c9ES<\/b><\/p>\n<p>Lorsque vous passez une commande via le Site, nous retiendrons votre Information sur la commande pour nos registres, \u00e0 moins que vous nous demandiez d\u2019effacer cette information.<\/p>\n<p><b>MODIFICATIONS<\/b><\/p>\n<p>Nous pouvons mettre \u00e0 jour cette politique de confidentialit\u00e9 de temps \u00e0 autre afin de refl\u00e9ter par exemple, des modifications \u00e0 nos pratiques ou pour d\u2019autres raisons op\u00e9rationnelles, l\u00e9gales ou r\u00e9glementaires.<\/p>\n<p><b>CONTACTEZ-NOUS<\/b><\/p>\n<p>Pour plus d\u2019information concernant nos pratiques de confidentialit\u00e9, si vous avez des questions ou si vous souhaitez faire une plainte, veuillez nous contacter via courriel au <a href=\"mailto:service@thevegehome.com\">service@thevegehome.com<\/a><\/p>\n","protected":false},"excerpt":{"rendered":"<p>Cette Politique de confidentialit\u00e9 d\u00e9crit comment votre information personnelle est recueillie, utilis\u00e9e et partag\u00e9e lorsque vous visitez ou faites un achat de us.thevegehome.com (le \u00ab Site \u00bb). L\u2019INFORMATION PERSONNELLE QUE NOUS RECUEILLONS Lorsque vous visitez le Site, nous recueillons automatiquement certaines informations concernant votre appareil, incluant de l\u2019information sur votre navigateur Web, adresse IP, fuseau [&hellip;]<\/p>\n","protected":false},"author":1,"featured_media":0,"parent":0,"menu_order":0,"comment_status":"closed","ping_status":"closed","template":"","meta":{"_acf_changed":false,"footnotes":""},"class_list":["post-1775","page","type-page","status-publish","hentry"],"acf":[],"yoast_head":"<!-- This site is optimized with the Yoast SEO plugin v27.3 - https:\/\/yoast.com\/product\/yoast-seo-wordpress\/ -->\n<title>Politique de confidentialit\u00e9 - Vegehome<\/title>\n<meta name=\"description\" content=\"This Privacy Policy describes how your personal information is collected, used, and shared when you visit or make a purchase from www.vegehome.com.\" \/>\n<meta name=\"robots\" content=\"index, follow, max-snippet:-1, max-image-preview:large, max-video-preview:-1\" \/>\n<link rel=\"canonical\" href=\"https:\/\/us.thevegehome.com\/fr\/politique-de-confidentialite-vegehome\/\" \/>\n<meta property=\"og:locale\" content=\"fr_FR\" \/>\n<meta property=\"og:type\" content=\"article\" \/>\n<meta property=\"og:title\" content=\"Politique de confidentialit\u00e9 - Vegehome\" \/>\n<meta property=\"og:description\" content=\"This Privacy Policy describes how your personal information is collected, used, and shared when you visit or make a purchase from www.vegehome.com.\" \/>\n<meta property=\"og:url\" content=\"https:\/\/us.thevegehome.com\/fr\/politique-de-confidentialite-vegehome\/\" \/>\n<meta property=\"og:site_name\" content=\"Vegehome USA\" \/>\n<meta property=\"article:publisher\" content=\"https:\/\/www.facebook.com\/thevegehome\" \/>\n<meta property=\"article:modified_time\" content=\"2022-08-31T16:19:53+00:00\" \/>\n<script type=\"application\/ld+json\" class=\"yoast-schema-graph\">{\"@context\":\"https:\\\/\\\/schema.org\",\"@graph\":[{\"@type\":\"WebPage\",\"@id\":\"https:\\\/\\\/us.thevegehome.com\\\/fr\\\/politique-de-confidentialite-vegehome\\\/\",\"url\":\"https:\\\/\\\/us.thevegehome.com\\\/fr\\\/politique-de-confidentialite-vegehome\\\/\",\"name\":\"Politique de confidentialit\u00e9 - Vegehome\",\"isPartOf\":{\"@id\":\"https:\\\/\\\/us.thevegehome.com\\\/fr\\\/#website\"},\"datePublished\":\"2020-06-23T18:11:01+00:00\",\"dateModified\":\"2022-08-31T16:19:53+00:00\",\"description\":\"This Privacy Policy describes how your personal information is collected, used, and shared when you visit or make a purchase from www.vegehome.com.\",\"breadcrumb\":{\"@id\":\"https:\\\/\\\/us.thevegehome.com\\\/fr\\\/politique-de-confidentialite-vegehome\\\/#breadcrumb\"},\"inLanguage\":\"fr-FR\",\"potentialAction\":[{\"@type\":\"ReadAction\",\"target\":[\"https:\\\/\\\/us.thevegehome.com\\\/fr\\\/politique-de-confidentialite-vegehome\\\/\"]}]},{\"@type\":\"BreadcrumbList\",\"@id\":\"https:\\\/\\\/us.thevegehome.com\\\/fr\\\/politique-de-confidentialite-vegehome\\\/#breadcrumb\",\"itemListElement\":[{\"@type\":\"ListItem\",\"position\":1,\"name\":\"Home\",\"item\":\"https:\\\/\\\/us.thevegehome.com\\\/fr\\\/\"},{\"@type\":\"ListItem\",\"position\":2,\"name\":\"Politique de confidentialit\u00e9\"}]},{\"@type\":\"WebSite\",\"@id\":\"https:\\\/\\\/us.thevegehome.com\\\/fr\\\/#website\",\"url\":\"https:\\\/\\\/us.thevegehome.com\\\/fr\\\/\",\"name\":\"Vegehome USA\",\"description\":\"Vegehome USA\",\"publisher\":{\"@id\":\"https:\\\/\\\/us.thevegehome.com\\\/fr\\\/#organization\"},\"potentialAction\":[{\"@type\":\"SearchAction\",\"target\":{\"@type\":\"EntryPoint\",\"urlTemplate\":\"https:\\\/\\\/us.thevegehome.com\\\/fr\\\/?s={search_term_string}\"},\"query-input\":{\"@type\":\"PropertyValueSpecification\",\"valueRequired\":true,\"valueName\":\"search_term_string\"}}],\"inLanguage\":\"fr-FR\"},{\"@type\":\"Organization\",\"@id\":\"https:\\\/\\\/us.thevegehome.com\\\/fr\\\/#organization\",\"name\":\"Vegehome USA\",\"url\":\"https:\\\/\\\/us.thevegehome.com\\\/fr\\\/\",\"logo\":{\"@type\":\"ImageObject\",\"inLanguage\":\"fr-FR\",\"@id\":\"https:\\\/\\\/us.thevegehome.com\\\/fr\\\/#\\\/schema\\\/logo\\\/image\\\/\",\"url\":\"https:\\\/\\\/us.thevegehome.com\\\/wp-content\\\/uploads\\\/2020\\\/10\\\/Vegehome_Newlogo_2x.png\",\"contentUrl\":\"https:\\\/\\\/us.thevegehome.com\\\/wp-content\\\/uploads\\\/2020\\\/10\\\/Vegehome_Newlogo_2x.png\",\"width\":326,\"height\":60,\"caption\":\"Vegehome USA\"},\"image\":{\"@id\":\"https:\\\/\\\/us.thevegehome.com\\\/fr\\\/#\\\/schema\\\/logo\\\/image\\\/\"},\"sameAs\":[\"https:\\\/\\\/www.facebook.com\\\/thevegehome\",\"https:\\\/\\\/www.instagram.com\\\/thevegehome\\\/\",\"https:\\\/\\\/www.pinterest.ca\\\/thevegehome\\\/\"]}]}<\/script>\n<!-- \/ Yoast SEO plugin. -->","yoast_head_json":{"title":"Politique de confidentialit\u00e9 - Vegehome","description":"This Privacy Policy describes how your personal information is collected, used, and shared when you visit or make a purchase from www.vegehome.com.","robots":{"index":"index","follow":"follow","max-snippet":"max-snippet:-1","max-image-preview":"max-image-preview:large","max-video-preview":"max-video-preview:-1"},"canonical":"https:\/\/us.thevegehome.com\/fr\/politique-de-confidentialite-vegehome\/","og_locale":"fr_FR","og_type":"article","og_title":"Politique de confidentialit\u00e9 - Vegehome","og_description":"This Privacy Policy describes how your personal information is collected, used, and shared when you visit or make a purchase from www.vegehome.com.","og_url":"https:\/\/us.thevegehome.com\/fr\/politique-de-confidentialite-vegehome\/","og_site_name":"Vegehome USA","article_publisher":"https:\/\/www.facebook.com\/thevegehome","article_modified_time":"2022-08-31T16:19:53+00:00","schema":{"@context":"https:\/\/schema.org","@graph":[{"@type":"WebPage","@id":"https:\/\/us.thevegehome.com\/fr\/politique-de-confidentialite-vegehome\/","url":"https:\/\/us.thevegehome.com\/fr\/politique-de-confidentialite-vegehome\/","name":"Politique de confidentialit\u00e9 - Vegehome","isPartOf":{"@id":"https:\/\/us.thevegehome.com\/fr\/#website"},"datePublished":"2020-06-23T18:11:01+00:00","dateModified":"2022-08-31T16:19:53+00:00","description":"This Privacy Policy describes how your personal information is collected, used, and shared when you visit or make a purchase from www.vegehome.com.","breadcrumb":{"@id":"https:\/\/us.thevegehome.com\/fr\/politique-de-confidentialite-vegehome\/#breadcrumb"},"inLanguage":"fr-FR","potentialAction":[{"@type":"ReadAction","target":["https:\/\/us.thevegehome.com\/fr\/politique-de-confidentialite-vegehome\/"]}]},{"@type":"BreadcrumbList","@id":"https:\/\/us.thevegehome.com\/fr\/politique-de-confidentialite-vegehome\/#breadcrumb","itemListElement":[{"@type":"ListItem","position":1,"name":"Home","item":"https:\/\/us.thevegehome.com\/fr\/"},{"@type":"ListItem","position":2,"name":"Politique de confidentialit\u00e9"}]},{"@type":"WebSite","@id":"https:\/\/us.thevegehome.com\/fr\/#website","url":"https:\/\/us.thevegehome.com\/fr\/","name":"Vegehome USA","description":"Vegehome USA","publisher":{"@id":"https:\/\/us.thevegehome.com\/fr\/#organization"},"potentialAction":[{"@type":"SearchAction","target":{"@type":"EntryPoint","urlTemplate":"https:\/\/us.thevegehome.com\/fr\/?s={search_term_string}"},"query-input":{"@type":"PropertyValueSpecification","valueRequired":true,"valueName":"search_term_string"}}],"inLanguage":"fr-FR"},{"@type":"Organization","@id":"https:\/\/us.thevegehome.com\/fr\/#organization","name":"Vegehome USA","url":"https:\/\/us.thevegehome.com\/fr\/","logo":{"@type":"ImageObject","inLanguage":"fr-FR","@id":"https:\/\/us.thevegehome.com\/fr\/#\/schema\/logo\/image\/","url":"https:\/\/us.thevegehome.com\/wp-content\/uploads\/2020\/10\/Vegehome_Newlogo_2x.png","contentUrl":"https:\/\/us.thevegehome.com\/wp-content\/uploads\/2020\/10\/Vegehome_Newlogo_2x.png","width":326,"height":60,"caption":"Vegehome USA"},"image":{"@id":"https:\/\/us.thevegehome.com\/fr\/#\/schema\/logo\/image\/"},"sameAs":["https:\/\/www.facebook.com\/thevegehome","https:\/\/www.instagram.com\/thevegehome\/","https:\/\/www.pinterest.ca\/thevegehome\/"]}]}},"_links":{"self":[{"href":"https:\/\/us.thevegehome.com\/fr\/wp-json\/wp\/v2\/pages\/1775","targetHints":{"allow":["GET"]}}],"collection":[{"href":"https:\/\/us.thevegehome.com\/fr\/wp-json\/wp\/v2\/pages"}],"about":[{"href":"https:\/\/us.thevegehome.com\/fr\/wp-json\/wp\/v2\/types\/page"}],"author":[{"embeddable":true,"href":"https:\/\/us.thevegehome.com\/fr\/wp-json\/wp\/v2\/users\/1"}],"replies":[{"embeddable":true,"href":"https:\/\/us.thevegehome.com\/fr\/wp-json\/wp\/v2\/comments?post=1775"}],"version-history":[{"count":4,"href":"https:\/\/us.thevegehome.com\/fr\/wp-json\/wp\/v2\/pages\/1775\/revisions"}],"predecessor-version":[{"id":30027,"href":"https:\/\/us.thevegehome.com\/fr\/wp-json\/wp\/v2\/pages\/1775\/revisions\/30027"}],"wp:attachment":[{"href":"https:\/\/us.thevegehome.com\/fr\/wp-json\/wp\/v2\/media?parent=1775"}],"curies":[{"name":"wp","href":"https:\/\/api.w.org\/{rel}","templated":true}]}}