{"id":1767,"date":"2020-06-23T14:10:16","date_gmt":"2020-06-23T18:10:16","guid":{"rendered":"https:\/\/thevegehome.com\/return-policy\/"},"modified":"2021-01-07T12:29:43","modified_gmt":"2021-01-07T17:29:43","slug":"return-policy","status":"publish","type":"page","link":"https:\/\/us.thevegehome.com\/fr\/retours\/","title":{"rendered":"Retours"},"content":{"rendered":"<p><b>Garantie<\/b><\/p>\n<p>La garantie Vegehome s\u2019applique aux d\u00e9fauts de fabrication affectant ses produits qui \u00e9taient pr\u00e9sents au moment de l\u2019achat du produit, qui n\u2019\u00e9taient pas apparents et qui n\u2019\u00e9taient pas connus de l\u2019acheteur, pour une p\u00e9riode de 1 an. Cette garantie s\u2019applique uniquement au produit et ne couvre pas l\u2019installation du produit. Cette garantie ne s\u2019applique pas aux pertes ou aux dommages mat\u00e9riels, \u00e9conomiques ou physiques caus\u00e9s par le produit. Cette garantie ne s\u2019applique pas aux pertes ou aux dommages caus\u00e9s par une utilisation, une installation ou un entretien incorrects du produit. En cons\u00e9quence, le fabricant n\u2019est pas responsable des dommages au produit ou des pertes ou des dommages mat\u00e9riels, \u00e9conomiques ou physiques caus\u00e9s par une utilisation, une installation ou un entretien incorrects du produit.<\/p>\n<p><b>Retours\u00a0<\/b><\/p>\n<p>Si vous souhaitez retourner votre achat, nous sommes l\u00e0 pour vous aider! Nous offrons des retours gratuits dans les 30 jours suivant l&rsquo;achat. Nous n&rsquo;offrons pas de remboursement des frais d&rsquo;exp\u00e9dition.\u00a0 Le produit doit \u00eatre correctement d\u00e9sassembl\u00e9, renvoy\u00e9 dans son emballage d&rsquo;origine et \u00eatre dans le m\u00eame \u00e9tat dans lequel il a \u00e9t\u00e9 re\u00e7u pour b\u00e9n\u00e9ficier d&rsquo;un retour.<\/p>\n<p>Si 30 jours se sont \u00e9coul\u00e9s depuis votre achat, nous ne pouvons malheureusement pas vous offrir de remboursement.<\/p>\n<p>Pour pr\u00e9parer votre retour de produit, veuillez suivre les instructions de d\u00e9montage du produit ici &#8211; D\u00e9montage du l&rsquo;Oasis et <a href=\"https:\/\/thevegehome.com\/wp-content\/uploads\/2020\/11\/Jardin-Disassembly.pdf\">d\u00e9montage du Le Jardin<\/a>.<\/p>\n<p>Pour retourner votre produit, demandez d&rsquo;abord un # autorisation \u00e0 <a href=\"mailto:service@thevegehome.com\">service@thevegehome.com<\/a>. Vous recevrez ensuite une \u00e9tiquette de retour d&rsquo;exp\u00e9dition pour vous permettre d&rsquo;exp\u00e9dier votre produit au:<\/p>\n<p>Bazz INC<\/p>\n<p>6000 Boulevard Thimens,<\/p>\n<p>Ville St-Laurent<\/p>\n<p>QC<\/p>\n<p>H4S 1S5<\/p>\n<p>Canada<\/p>\n<p>Une fois que nous avons re\u00e7u et inspect\u00e9 votre retour pour nous assurer qu&rsquo;il r\u00e9pond \u00e0 nos crit\u00e8res de retour, nous proc\u00e9derons \u00e0 un remboursement moins des frais de restockage de 10%.<\/p>\n<p>Si vous consid\u00e9rez que le produit est affect\u00e9 par un d\u00e9faut, avant de retourner le produit, veuillez contacter le service client par e-mail \u00e0 service@thevegehome.com Veuillez inclure dans votre e-mail, une description du probl\u00e8me all\u00e9gu\u00e9 et une preuve d&rsquo;achat. Si la garantie s&rsquo;applique, Vegehome r\u00e9parera ou remplacera le produit gratuitement.<\/p>\n<p><b>\u00c9changes (s\u2019il y a lieu)<\/b><\/p>\n<p>Nous rempla\u00e7ons uniquement des articles s\u2019ils sont d\u00e9fectueux ou endommag\u00e9s. Si vous devez l\u2019\u00e9changer pour le m\u00eame article, veuillez nous envoyer un courriel au <a href=\"mailto:service@thevegehome.com\">service@thevegehome.com<\/a>.<\/p>\n<p><b>Avis de non-responsabilit\u00e9\u00a0:\u00a0<\/b><\/p>\n<p>Veuillez noter que les commandes exp\u00e9di\u00e9es \u00e0 l\u2019ext\u00e9rieur du Canada peuvent \u00eatre sujettes \u00e0 des taxes d\u2019importation, des droits de douane et des redevances per\u00e7ues par le pays de destination. Les frais suppl\u00e9mentaires de d\u00e9douanement doivent \u00eatre \u00e0 la charge du r\u00e9cipiendaire; nous n\u2019avons aucun contr\u00f4le sur ces frais et nous ne pouvons les pr\u00e9voir. Lorsque des proc\u00e9dures de d\u00e9douanement sont requises, cela peut entra\u00eener des d\u00e9lais au-del\u00e0 de nos d\u00e9lais de livraison estim\u00e9s originaux. Nous n&rsquo;offrons pas de remboursement des frais d&rsquo;exp\u00e9dition.<\/p>\n<p>Remarque\u00a0: Les exp\u00e9ditions transfrontali\u00e8res sont sujettes \u00e0 une ouverture et \u00e0 une inspection par les autorit\u00e9s douani\u00e8res. Nous pouvons fournir certaines informations sur la commande, l\u2019exp\u00e9dition et le produit, comme des titres, \u00e0 nos transporteurs internationaux. De telles informations peuvent \u00eatre communiqu\u00e9es par les transporteurs aux autorit\u00e9s douani\u00e8res afin de faciliter le d\u00e9douanement et respecter les lois locales.<\/p>\n","protected":false},"excerpt":{"rendered":"<p>Garantie La garantie Vegehome s\u2019applique aux d\u00e9fauts de fabrication affectant ses produits qui \u00e9taient pr\u00e9sents au moment de l\u2019achat du produit, qui n\u2019\u00e9taient pas apparents et qui n\u2019\u00e9taient pas connus de l\u2019acheteur, pour une p\u00e9riode de 1 an. Cette garantie s\u2019applique uniquement au produit et ne couvre pas l\u2019installation du produit. Cette garantie ne s\u2019applique [&hellip;]<\/p>\n","protected":false},"author":1,"featured_media":0,"parent":0,"menu_order":0,"comment_status":"closed","ping_status":"closed","template":"","meta":{"_acf_changed":false,"footnotes":""},"class_list":["post-1767","page","type-page","status-publish","hentry"],"acf":[],"yoast_head":"<!-- This site is optimized with the Yoast SEO plugin v27.4 - https:\/\/yoast.com\/product\/yoast-seo-wordpress\/ -->\n<title>Retours - Vegehome<\/title>\n<meta name=\"description\" content=\"Our return policy. If you\u2019re looking to return your purchase, we\u2019re to help!\" \/>\n<meta name=\"robots\" content=\"index, follow, max-snippet:-1, max-image-preview:large, max-video-preview:-1\" \/>\n<link rel=\"canonical\" href=\"https:\/\/us.thevegehome.com\/fr\/retours\/\" \/>\n<meta property=\"og:locale\" content=\"fr_FR\" \/>\n<meta property=\"og:type\" content=\"article\" \/>\n<meta property=\"og:title\" content=\"Retours - Vegehome\" \/>\n<meta property=\"og:description\" content=\"Our return policy. If you\u2019re looking to return your purchase, we\u2019re to help!\" \/>\n<meta property=\"og:url\" content=\"https:\/\/us.thevegehome.com\/fr\/retours\/\" \/>\n<meta property=\"og:site_name\" content=\"Vegehome USA\" \/>\n<meta property=\"article:publisher\" content=\"https:\/\/www.facebook.com\/thevegehome\" \/>\n<meta property=\"article:modified_time\" content=\"2021-01-07T17:29:43+00:00\" \/>\n<script type=\"application\/ld+json\" class=\"yoast-schema-graph\">{\"@context\":\"https:\\\/\\\/schema.org\",\"@graph\":[{\"@type\":\"WebPage\",\"@id\":\"https:\\\/\\\/us.thevegehome.com\\\/fr\\\/retours\\\/\",\"url\":\"https:\\\/\\\/us.thevegehome.com\\\/fr\\\/retours\\\/\",\"name\":\"Retours - Vegehome\",\"isPartOf\":{\"@id\":\"https:\\\/\\\/us.thevegehome.com\\\/fr\\\/#website\"},\"datePublished\":\"2020-06-23T18:10:16+00:00\",\"dateModified\":\"2021-01-07T17:29:43+00:00\",\"description\":\"Our return policy. If you\u2019re looking to return your purchase, we\u2019re to help!\",\"breadcrumb\":{\"@id\":\"https:\\\/\\\/us.thevegehome.com\\\/fr\\\/retours\\\/#breadcrumb\"},\"inLanguage\":\"fr-FR\",\"potentialAction\":[{\"@type\":\"ReadAction\",\"target\":[\"https:\\\/\\\/us.thevegehome.com\\\/fr\\\/retours\\\/\"]}]},{\"@type\":\"BreadcrumbList\",\"@id\":\"https:\\\/\\\/us.thevegehome.com\\\/fr\\\/retours\\\/#breadcrumb\",\"itemListElement\":[{\"@type\":\"ListItem\",\"position\":1,\"name\":\"Home\",\"item\":\"https:\\\/\\\/us.thevegehome.com\\\/fr\\\/\"},{\"@type\":\"ListItem\",\"position\":2,\"name\":\"Retours\"}]},{\"@type\":\"WebSite\",\"@id\":\"https:\\\/\\\/us.thevegehome.com\\\/fr\\\/#website\",\"url\":\"https:\\\/\\\/us.thevegehome.com\\\/fr\\\/\",\"name\":\"Vegehome USA\",\"description\":\"Vegehome USA\",\"publisher\":{\"@id\":\"https:\\\/\\\/us.thevegehome.com\\\/fr\\\/#organization\"},\"potentialAction\":[{\"@type\":\"SearchAction\",\"target\":{\"@type\":\"EntryPoint\",\"urlTemplate\":\"https:\\\/\\\/us.thevegehome.com\\\/fr\\\/?s={search_term_string}\"},\"query-input\":{\"@type\":\"PropertyValueSpecification\",\"valueRequired\":true,\"valueName\":\"search_term_string\"}}],\"inLanguage\":\"fr-FR\"},{\"@type\":\"Organization\",\"@id\":\"https:\\\/\\\/us.thevegehome.com\\\/fr\\\/#organization\",\"name\":\"Vegehome USA\",\"url\":\"https:\\\/\\\/us.thevegehome.com\\\/fr\\\/\",\"logo\":{\"@type\":\"ImageObject\",\"inLanguage\":\"fr-FR\",\"@id\":\"https:\\\/\\\/us.thevegehome.com\\\/fr\\\/#\\\/schema\\\/logo\\\/image\\\/\",\"url\":\"https:\\\/\\\/us.thevegehome.com\\\/wp-content\\\/uploads\\\/2020\\\/10\\\/Vegehome_Newlogo_2x.png\",\"contentUrl\":\"https:\\\/\\\/us.thevegehome.com\\\/wp-content\\\/uploads\\\/2020\\\/10\\\/Vegehome_Newlogo_2x.png\",\"width\":326,\"height\":60,\"caption\":\"Vegehome USA\"},\"image\":{\"@id\":\"https:\\\/\\\/us.thevegehome.com\\\/fr\\\/#\\\/schema\\\/logo\\\/image\\\/\"},\"sameAs\":[\"https:\\\/\\\/www.facebook.com\\\/thevegehome\",\"https:\\\/\\\/www.instagram.com\\\/thevegehome\\\/\",\"https:\\\/\\\/www.pinterest.ca\\\/thevegehome\\\/\"]}]}<\/script>\n<!-- \/ Yoast SEO plugin. -->","yoast_head_json":{"title":"Retours - Vegehome","description":"Our return policy. If you\u2019re looking to return your purchase, we\u2019re to help!","robots":{"index":"index","follow":"follow","max-snippet":"max-snippet:-1","max-image-preview":"max-image-preview:large","max-video-preview":"max-video-preview:-1"},"canonical":"https:\/\/us.thevegehome.com\/fr\/retours\/","og_locale":"fr_FR","og_type":"article","og_title":"Retours - Vegehome","og_description":"Our return policy. If you\u2019re looking to return your purchase, we\u2019re to help!","og_url":"https:\/\/us.thevegehome.com\/fr\/retours\/","og_site_name":"Vegehome USA","article_publisher":"https:\/\/www.facebook.com\/thevegehome","article_modified_time":"2021-01-07T17:29:43+00:00","schema":{"@context":"https:\/\/schema.org","@graph":[{"@type":"WebPage","@id":"https:\/\/us.thevegehome.com\/fr\/retours\/","url":"https:\/\/us.thevegehome.com\/fr\/retours\/","name":"Retours - Vegehome","isPartOf":{"@id":"https:\/\/us.thevegehome.com\/fr\/#website"},"datePublished":"2020-06-23T18:10:16+00:00","dateModified":"2021-01-07T17:29:43+00:00","description":"Our return policy. If you\u2019re looking to return your purchase, we\u2019re to help!","breadcrumb":{"@id":"https:\/\/us.thevegehome.com\/fr\/retours\/#breadcrumb"},"inLanguage":"fr-FR","potentialAction":[{"@type":"ReadAction","target":["https:\/\/us.thevegehome.com\/fr\/retours\/"]}]},{"@type":"BreadcrumbList","@id":"https:\/\/us.thevegehome.com\/fr\/retours\/#breadcrumb","itemListElement":[{"@type":"ListItem","position":1,"name":"Home","item":"https:\/\/us.thevegehome.com\/fr\/"},{"@type":"ListItem","position":2,"name":"Retours"}]},{"@type":"WebSite","@id":"https:\/\/us.thevegehome.com\/fr\/#website","url":"https:\/\/us.thevegehome.com\/fr\/","name":"Vegehome USA","description":"Vegehome USA","publisher":{"@id":"https:\/\/us.thevegehome.com\/fr\/#organization"},"potentialAction":[{"@type":"SearchAction","target":{"@type":"EntryPoint","urlTemplate":"https:\/\/us.thevegehome.com\/fr\/?s={search_term_string}"},"query-input":{"@type":"PropertyValueSpecification","valueRequired":true,"valueName":"search_term_string"}}],"inLanguage":"fr-FR"},{"@type":"Organization","@id":"https:\/\/us.thevegehome.com\/fr\/#organization","name":"Vegehome USA","url":"https:\/\/us.thevegehome.com\/fr\/","logo":{"@type":"ImageObject","inLanguage":"fr-FR","@id":"https:\/\/us.thevegehome.com\/fr\/#\/schema\/logo\/image\/","url":"https:\/\/us.thevegehome.com\/wp-content\/uploads\/2020\/10\/Vegehome_Newlogo_2x.png","contentUrl":"https:\/\/us.thevegehome.com\/wp-content\/uploads\/2020\/10\/Vegehome_Newlogo_2x.png","width":326,"height":60,"caption":"Vegehome USA"},"image":{"@id":"https:\/\/us.thevegehome.com\/fr\/#\/schema\/logo\/image\/"},"sameAs":["https:\/\/www.facebook.com\/thevegehome","https:\/\/www.instagram.com\/thevegehome\/","https:\/\/www.pinterest.ca\/thevegehome\/"]}]}},"_links":{"self":[{"href":"https:\/\/us.thevegehome.com\/fr\/wp-json\/wp\/v2\/pages\/1767","targetHints":{"allow":["GET"]}}],"collection":[{"href":"https:\/\/us.thevegehome.com\/fr\/wp-json\/wp\/v2\/pages"}],"about":[{"href":"https:\/\/us.thevegehome.com\/fr\/wp-json\/wp\/v2\/types\/page"}],"author":[{"embeddable":true,"href":"https:\/\/us.thevegehome.com\/fr\/wp-json\/wp\/v2\/users\/1"}],"replies":[{"embeddable":true,"href":"https:\/\/us.thevegehome.com\/fr\/wp-json\/wp\/v2\/comments?post=1767"}],"version-history":[{"count":4,"href":"https:\/\/us.thevegehome.com\/fr\/wp-json\/wp\/v2\/pages\/1767\/revisions"}],"predecessor-version":[{"id":2656,"href":"https:\/\/us.thevegehome.com\/fr\/wp-json\/wp\/v2\/pages\/1767\/revisions\/2656"}],"wp:attachment":[{"href":"https:\/\/us.thevegehome.com\/fr\/wp-json\/wp\/v2\/media?parent=1767"}],"curies":[{"name":"wp","href":"https:\/\/api.w.org\/{rel}","templated":true}]}}